{"id":27056,"date":"2025-10-13T22:32:16","date_gmt":"2025-10-13T22:32:16","guid":{"rendered":"https:\/\/cipele.ba\/shop\/uncategorized\/umbro-legend-3\/"},"modified":"2026-04-19T18:31:51","modified_gmt":"2026-04-19T18:31:51","slug":"umbro-legend-3","status":"publish","type":"product","link":"https:\/\/cipele.ba\/en\/shop\/muskarci\/muske-patike\/umbro-legend-3\/","title":{"rendered":"Umbro Legend"},"content":{"rendered":"","protected":false},"excerpt":{"rendered":"<\/p>\n<p> Odra\u017eavajte se sna\u017eno i brzo na zatvorenim terenima u ovim Umbro Legend mu\u0161kim patikama za trening. <\/p>\n<\/p>\n<p> <b> Detalji <\/b> <\/p>\n<li> Pertlanje <\/li>\n<li> Izdr\u017eljivo gornji\u0161te <\/li>\n<li> Gumeni spoljni \u0111on <\/li>","protected":false},"featured_media":27055,"template":"","meta":{"jetpack_post_was_ever_published":false},"product_brand":[94],"product_cat":[67],"product_tag":[],"class_list":{"0":"post-27056","1":"product","2":"type-product","3":"status-publish","4":"has-post-thumbnail","6":"product_brand-sport_vision","7":"product_cat-muske-patike","9":"first","10":"instock","11":"sale","12":"shipping-taxable","13":"product-type-external"},"jetpack-related-posts":[],"jetpack_sharing_enabled":true,"_links":{"self":[{"href":"https:\/\/cipele.ba\/en\/wp-json\/wp\/v2\/product\/27056","targetHints":{"allow":["GET"]}}],"collection":[{"href":"https:\/\/cipele.ba\/en\/wp-json\/wp\/v2\/product"}],"about":[{"href":"https:\/\/cipele.ba\/en\/wp-json\/wp\/v2\/types\/product"}],"wp:featuredmedia":[{"embeddable":true,"href":"https:\/\/cipele.ba\/en\/wp-json\/wp\/v2\/media\/27055"}],"wp:attachment":[{"href":"https:\/\/cipele.ba\/en\/wp-json\/wp\/v2\/media?parent=27056"}],"wp:term":[{"taxonomy":"product_brand","embeddable":true,"href":"https:\/\/cipele.ba\/en\/wp-json\/wp\/v2\/product_brand?post=27056"},{"taxonomy":"product_cat","embeddable":true,"href":"https:\/\/cipele.ba\/en\/wp-json\/wp\/v2\/product_cat?post=27056"},{"taxonomy":"product_tag","embeddable":true,"href":"https:\/\/cipele.ba\/en\/wp-json\/wp\/v2\/product_tag?post=27056"}],"curies":[{"name":"wp","href":"https:\/\/api.w.org\/{rel}","templated":true}]}}