{"id":27896,"date":"2025-11-05T21:05:27","date_gmt":"2025-11-05T21:05:27","guid":{"rendered":"https:\/\/cipele.ba\/shop\/uncategorized\/kander-deux-4\/"},"modified":"2026-04-21T20:14:57","modified_gmt":"2026-04-21T20:14:57","slug":"kander-deux-4","status":"publish","type":"product","link":"https:\/\/cipele.ba\/en\/shop\/muskarci\/muske-gleznjace\/kander-deux-4\/","title":{"rendered":"Kander Deux"},"content":{"rendered":"<p><!--googleoff: all--> <\/p>\n<p> Kander Deux mu\u0161ke outdoor cipele dizajnirane su za prilagodljivost i udobnost, \u0161to ih \u010dini pogodnim za hajking na planinskim stazama i kretanje po snije\u017enim gradskim ulicama.<\/p>\n<\/p>\n<p> <b>Detalji<\/b> <\/p>\n<li> Pru\u017eaju balans toplote i pokretljivosti, idealne za hladne vremenske uslove <\/li>\n<li> Izdr\u017eljiva konstrukcija koja podr\u017eava razne aktivnosti na otvorenom <\/li>\n<li> Cipele srednje dubine <\/li>\n<li> Idealne za hajking, istra\u017eivanje grada i druge aktivnosti na otvorenom po hladnom vremenu <!--googleon: all--> <\/li>","protected":false},"excerpt":{"rendered":"<p>Kander Deux mu\u0161ke outdoor cipele dizajnirane su za prilagodljivost i udobnost, \u0161to ih \u010dini pogodnim za hajking na planinskim stazama i kretanje po snije\u017enim gradskim ulicama. Detalji Pru\u017eaju balans toplote i pokretljivosti, idealne za hladne vremenske uslove Izdr\u017eljiva konstrukcija koja podr\u017eava razne aktivnosti na otvorenom Cipele srednje dubine Idealne za hajking, istra\u017eivanje grada i druge [&hellip;]<\/p>","protected":false},"featured_media":27893,"template":"","meta":{"jetpack_post_was_ever_published":false},"product_brand":[111],"product_cat":[68],"product_tag":[],"class_list":{"0":"post-27896","1":"product","2":"type-product","3":"status-publish","4":"has-post-thumbnail","6":"product_brand-sport_reality","7":"product_cat-muske-gleznjace","9":"first","10":"instock","11":"sale","12":"shipping-taxable","13":"product-type-external"},"jetpack-related-posts":[],"jetpack_sharing_enabled":true,"_links":{"self":[{"href":"https:\/\/cipele.ba\/en\/wp-json\/wp\/v2\/product\/27896","targetHints":{"allow":["GET"]}}],"collection":[{"href":"https:\/\/cipele.ba\/en\/wp-json\/wp\/v2\/product"}],"about":[{"href":"https:\/\/cipele.ba\/en\/wp-json\/wp\/v2\/types\/product"}],"wp:featuredmedia":[{"embeddable":true,"href":"https:\/\/cipele.ba\/en\/wp-json\/wp\/v2\/media\/27893"}],"wp:attachment":[{"href":"https:\/\/cipele.ba\/en\/wp-json\/wp\/v2\/media?parent=27896"}],"wp:term":[{"taxonomy":"product_brand","embeddable":true,"href":"https:\/\/cipele.ba\/en\/wp-json\/wp\/v2\/product_brand?post=27896"},{"taxonomy":"product_cat","embeddable":true,"href":"https:\/\/cipele.ba\/en\/wp-json\/wp\/v2\/product_cat?post=27896"},{"taxonomy":"product_tag","embeddable":true,"href":"https:\/\/cipele.ba\/en\/wp-json\/wp\/v2\/product_tag?post=27896"}],"curies":[{"name":"wp","href":"https:\/\/api.w.org\/{rel}","templated":true}]}}