{"id":27897,"date":"2025-11-05T21:05:27","date_gmt":"2025-11-05T21:05:27","guid":{"rendered":"https:\/\/cipele.ba\/shop\/uncategorized\/kander-mafinga-5\/"},"modified":"2026-04-21T20:15:06","modified_gmt":"2026-04-21T20:15:06","slug":"kander-mafinga-5","status":"publish","type":"product","link":"https:\/\/cipele.ba\/en\/shop\/muskarci\/muske-gleznjace\/kander-mafinga-5\/","title":{"rendered":"Kander Mafinga"},"content":{"rendered":"<p><!--googleoff: all--> <\/p>\n<p> Kander Mafinga mu\u0161ke outdoor patike odli\u010dan su izbor za sve vrste letnjih aktivnosti na otvorenom. <\/p>\n<\/p>\n<p> <b> Detalji <\/b> <\/p>\n<li> Vodootporno mre\u017easto i sinteti\u010dko gornji\u0161te <\/li>\n<li> Klasi\u010dne pertle <\/li>\n<li> Gumeni spoljni \u0111on <\/li>\n<li> Mre\u017easta postava <!--googleon: all--> <\/li>","protected":false},"excerpt":{"rendered":"<p>Kander Mafinga mu\u0161ke outdoor patike odli\u010dan su izbor za sve vrste letnjih aktivnosti na otvorenom. Detalji Vodootporno mre\u017easto i sinteti\u010dko gornji\u0161te Klasi\u010dne pertle Gumeni spoljni \u0111on Mre\u017easta postava<\/p>","protected":false},"featured_media":27894,"template":"","meta":{"jetpack_post_was_ever_published":false},"product_brand":[111],"product_cat":[68],"product_tag":[],"class_list":{"0":"post-27897","1":"product","2":"type-product","3":"status-publish","4":"has-post-thumbnail","6":"product_brand-sport_reality","7":"product_cat-muske-gleznjace","9":"first","10":"instock","11":"shipping-taxable","12":"product-type-external"},"jetpack-related-posts":[],"jetpack_sharing_enabled":true,"_links":{"self":[{"href":"https:\/\/cipele.ba\/en\/wp-json\/wp\/v2\/product\/27897","targetHints":{"allow":["GET"]}}],"collection":[{"href":"https:\/\/cipele.ba\/en\/wp-json\/wp\/v2\/product"}],"about":[{"href":"https:\/\/cipele.ba\/en\/wp-json\/wp\/v2\/types\/product"}],"wp:featuredmedia":[{"embeddable":true,"href":"https:\/\/cipele.ba\/en\/wp-json\/wp\/v2\/media\/27894"}],"wp:attachment":[{"href":"https:\/\/cipele.ba\/en\/wp-json\/wp\/v2\/media?parent=27897"}],"wp:term":[{"taxonomy":"product_brand","embeddable":true,"href":"https:\/\/cipele.ba\/en\/wp-json\/wp\/v2\/product_brand?post=27897"},{"taxonomy":"product_cat","embeddable":true,"href":"https:\/\/cipele.ba\/en\/wp-json\/wp\/v2\/product_cat?post=27897"},{"taxonomy":"product_tag","embeddable":true,"href":"https:\/\/cipele.ba\/en\/wp-json\/wp\/v2\/product_tag?post=27897"}],"curies":[{"name":"wp","href":"https:\/\/api.w.org\/{rel}","templated":true}]}}