{"id":27968,"date":"2025-11-05T21:06:03","date_gmt":"2025-11-05T21:06:03","guid":{"rendered":"https:\/\/cipele.ba\/shop\/uncategorized\/slazenger-saylor\/"},"modified":"2026-04-15T14:41:39","modified_gmt":"2026-04-15T14:41:39","slug":"slazenger-saylor","status":"publish","type":"product","link":"https:\/\/cipele.ba\/en\/shop\/muskarci\/muske-gleznjace\/slazenger-saylor\/","title":{"rendered":"Slazenger Saylor"},"content":{"rendered":"<p><!--googleoff: all--> <\/p>\n<p> Slazenger SAYLOR su duboke mu\u0161ke lifestyle cipele koje odlikuje moderan dizajn i izdr\u017eljivost. <\/p>\n<p> Ove vodootporne cipele imaju sve \u0161to je potrebno za predstoje\u0107u zimu. Gornji\u0161te izra\u0111eno od poliuretana i mre\u017eastog materijala \u0107e vam obezbjediti prozra\u010dnost, udobnost i toplinu koja \u0107e vas pratiti po ki\u0161i i snijegu. Gumeni \u0111on pored odli\u010dnog prianjajna, osigurava i dugotrajnost. Slazenger SAYLOR zimske cipele savr\u0161eno se sla\u017eu kako uz sportske, tako i uz le\u017eernije kombinacije. <\/p>\n<p> Specifikacija: <\/p>\n<li> Mu\u0161ke lifestyle cipele <\/li>\n<li> Dubok profil <\/li>\n<li> Pertlanje <\/li>\n<li> Vodootporne <\/li>\n<li> Gornji\u0161te od poliuretana i mre\u017ee <\/li>\n<li> Gumeni \u0111on <!--googleon: all--> <\/li>","protected":false},"excerpt":{"rendered":"<p>Slazenger SAYLOR su duboke mu\u0161ke lifestyle cipele koje odlikuje moderan dizajn i izdr\u017eljivost. Ove vodootporne cipele imaju sve \u0161to je potrebno za predstoje\u0107u zimu. Gornji\u0161te izra\u0111eno od poliuretana i mre\u017eastog materijala \u0107e vam obezbjediti prozra\u010dnost, udobnost i toplinu koja \u0107e vas pratiti po ki\u0161i i snijegu. Gumeni \u0111on pored odli\u010dnog prianjajna, osigurava i dugotrajnost. Slazenger [&hellip;]<\/p>","protected":false},"featured_media":27964,"template":"","meta":{"jetpack_post_was_ever_published":false},"product_brand":[111],"product_cat":[68],"product_tag":[],"class_list":{"0":"post-27968","1":"product","2":"type-product","3":"status-publish","4":"has-post-thumbnail","6":"product_brand-sport_reality","7":"product_cat-muske-gleznjace","9":"first","10":"instock","11":"sale","12":"shipping-taxable","13":"product-type-external"},"jetpack-related-posts":[],"jetpack_sharing_enabled":true,"_links":{"self":[{"href":"https:\/\/cipele.ba\/en\/wp-json\/wp\/v2\/product\/27968","targetHints":{"allow":["GET"]}}],"collection":[{"href":"https:\/\/cipele.ba\/en\/wp-json\/wp\/v2\/product"}],"about":[{"href":"https:\/\/cipele.ba\/en\/wp-json\/wp\/v2\/types\/product"}],"wp:featuredmedia":[{"embeddable":true,"href":"https:\/\/cipele.ba\/en\/wp-json\/wp\/v2\/media\/27964"}],"wp:attachment":[{"href":"https:\/\/cipele.ba\/en\/wp-json\/wp\/v2\/media?parent=27968"}],"wp:term":[{"taxonomy":"product_brand","embeddable":true,"href":"https:\/\/cipele.ba\/en\/wp-json\/wp\/v2\/product_brand?post=27968"},{"taxonomy":"product_cat","embeddable":true,"href":"https:\/\/cipele.ba\/en\/wp-json\/wp\/v2\/product_cat?post=27968"},{"taxonomy":"product_tag","embeddable":true,"href":"https:\/\/cipele.ba\/en\/wp-json\/wp\/v2\/product_tag?post=27968"}],"curies":[{"name":"wp","href":"https:\/\/api.w.org\/{rel}","templated":true}]}}