{"id":27971,"date":"2025-11-05T21:06:04","date_gmt":"2025-11-05T21:06:04","guid":{"rendered":"https:\/\/cipele.ba\/shop\/uncategorized\/kander-duarte-2\/"},"modified":"2026-04-18T12:59:43","modified_gmt":"2026-04-18T12:59:43","slug":"kander-duarte-2","status":"publish","type":"product","link":"https:\/\/cipele.ba\/en\/shop\/muskarci\/muske-gleznjace\/kander-duarte-2\/","title":{"rendered":"Kander Duarte"},"content":{"rendered":"<p><!--googleoff: all--> <\/p>\n<p>Kander Duarte mu\u0161ke outdoor patike su savr\u0161ene za hladne zimske dane.<\/p>\n<\/p>\n<p> <b> Detalji <\/b> <\/p>\n<li>Od izdr\u017eljivih materijala sa vodoodbojnim slojem i tekstilnom postavom<\/li>\n<li>Udobni i meki srednji \u0111on pru\u017ea odli\u010dnu amortizaciju i povra\u0107aj energije<\/li>\n<li>Dizajn niskog profila sa klasi\u010dnim pertlama<\/li>\n<li>Gumeni \u0111on pru\u017ea vrhunsko prianjanje i stabilnost pri svakom koraku <!--googleon: all--> <\/li>","protected":false},"excerpt":{"rendered":"<p>Kander Duarte mu\u0161ke outdoor patike su savr\u0161ene za hladne zimske dane. Detalji Od izdr\u017eljivih materijala sa vodoodbojnim slojem i tekstilnom postavom Udobni i meki srednji \u0111on pru\u017ea odli\u010dnu amortizaciju i povra\u0107aj energije Dizajn niskog profila sa klasi\u010dnim pertlama Gumeni \u0111on pru\u017ea vrhunsko prianjanje i stabilnost pri svakom koraku<\/p>","protected":false},"featured_media":27967,"template":"","meta":{"jetpack_post_was_ever_published":false},"product_brand":[111],"product_cat":[68],"product_tag":[],"class_list":{"0":"post-27971","1":"product","2":"type-product","3":"status-publish","4":"has-post-thumbnail","6":"product_brand-sport_reality","7":"product_cat-muske-gleznjace","9":"first","10":"instock","11":"shipping-taxable","12":"product-type-external"},"jetpack-related-posts":[],"jetpack_sharing_enabled":true,"_links":{"self":[{"href":"https:\/\/cipele.ba\/en\/wp-json\/wp\/v2\/product\/27971","targetHints":{"allow":["GET"]}}],"collection":[{"href":"https:\/\/cipele.ba\/en\/wp-json\/wp\/v2\/product"}],"about":[{"href":"https:\/\/cipele.ba\/en\/wp-json\/wp\/v2\/types\/product"}],"wp:featuredmedia":[{"embeddable":true,"href":"https:\/\/cipele.ba\/en\/wp-json\/wp\/v2\/media\/27967"}],"wp:attachment":[{"href":"https:\/\/cipele.ba\/en\/wp-json\/wp\/v2\/media?parent=27971"}],"wp:term":[{"taxonomy":"product_brand","embeddable":true,"href":"https:\/\/cipele.ba\/en\/wp-json\/wp\/v2\/product_brand?post=27971"},{"taxonomy":"product_cat","embeddable":true,"href":"https:\/\/cipele.ba\/en\/wp-json\/wp\/v2\/product_cat?post=27971"},{"taxonomy":"product_tag","embeddable":true,"href":"https:\/\/cipele.ba\/en\/wp-json\/wp\/v2\/product_tag?post=27971"}],"curies":[{"name":"wp","href":"https:\/\/api.w.org\/{rel}","templated":true}]}}