{"id":27978,"date":"2025-11-05T21:06:08","date_gmt":"2025-11-05T21:06:08","guid":{"rendered":"https:\/\/cipele.ba\/shop\/uncategorized\/lotto-horni-2\/"},"modified":"2026-04-18T20:20:30","modified_gmt":"2026-04-18T20:20:30","slug":"lotto-horni-2","status":"publish","type":"product","link":"https:\/\/cipele.ba\/en\/shop\/muskarci\/muske-gleznjace\/lotto-horni-2\/","title":{"rendered":"Lotto Horni"},"content":{"rendered":"<p><!--googleoff: all--> <\/p>\n<p> Lotto HORNI su mu\u0161ke lifestyle patike, idealne za jesenje dane. <\/p>\n<p> Upotpunite svoju odjevnu kombinaciju udobnim patikama koje su savr\u0161en izbor za hladnije dane. Jezi\u010dak za petu olak\u0161ava obuvanje i izuvanje. Dubok profil pru\u017ea stabilnost stopalu, a postavljena kragna nudi meko\u0107u i udobnost. Gornji\u0161te od sinteti\u010dke ko\u017ee je \u010dvrsto i izdr\u017eljivo, a pri tome je i lako za odr\u017eavanje. Gumeni \u0111on dobro prianja i dodaje stabilnost na razli\u010ditim povr\u0161inama. Lotto HORNI patike vam nude sjajan stil u kombinaciji sa nevjerovatnim komforom. Ove duboke patike sa klasi\u010dnim pertlanjem odgovori\u0107e na sve va\u0161e izazove. <\/p>\n<p> Specifikacija: <\/p>\n<li> Mu\u0161ke lifestyle patike <\/li>\n<li> Dubok profil <\/li>\n<li> Pertlanje <\/li>\n<li> Gornji\u0161te od sinteti\u010dke ko\u017ee <\/li>\n<li> Gumeni \u0111on <!--googleon: all--> <\/li>","protected":false},"excerpt":{"rendered":"<p>Lotto HORNI su mu\u0161ke lifestyle patike, idealne za jesenje dane. Upotpunite svoju odjevnu kombinaciju udobnim patikama koje su savr\u0161en izbor za hladnije dane. Jezi\u010dak za petu olak\u0161ava obuvanje i izuvanje. Dubok profil pru\u017ea stabilnost stopalu, a postavljena kragna nudi meko\u0107u i udobnost. Gornji\u0161te od sinteti\u010dke ko\u017ee je \u010dvrsto i izdr\u017eljivo, a pri tome je i [&hellip;]<\/p>","protected":false},"featured_media":27974,"template":"","meta":{"jetpack_post_was_ever_published":false},"product_brand":[111],"product_cat":[68],"product_tag":[],"class_list":{"0":"post-27978","1":"product","2":"type-product","3":"status-publish","4":"has-post-thumbnail","6":"product_brand-sport_reality","7":"product_cat-muske-gleznjace","9":"first","10":"instock","11":"shipping-taxable","12":"product-type-external"},"jetpack-related-posts":[],"jetpack_sharing_enabled":true,"_links":{"self":[{"href":"https:\/\/cipele.ba\/en\/wp-json\/wp\/v2\/product\/27978","targetHints":{"allow":["GET"]}}],"collection":[{"href":"https:\/\/cipele.ba\/en\/wp-json\/wp\/v2\/product"}],"about":[{"href":"https:\/\/cipele.ba\/en\/wp-json\/wp\/v2\/types\/product"}],"wp:featuredmedia":[{"embeddable":true,"href":"https:\/\/cipele.ba\/en\/wp-json\/wp\/v2\/media\/27974"}],"wp:attachment":[{"href":"https:\/\/cipele.ba\/en\/wp-json\/wp\/v2\/media?parent=27978"}],"wp:term":[{"taxonomy":"product_brand","embeddable":true,"href":"https:\/\/cipele.ba\/en\/wp-json\/wp\/v2\/product_brand?post=27978"},{"taxonomy":"product_cat","embeddable":true,"href":"https:\/\/cipele.ba\/en\/wp-json\/wp\/v2\/product_cat?post=27978"},{"taxonomy":"product_tag","embeddable":true,"href":"https:\/\/cipele.ba\/en\/wp-json\/wp\/v2\/product_tag?post=27978"}],"curies":[{"name":"wp","href":"https:\/\/api.w.org\/{rel}","templated":true}]}}