{"id":27985,"date":"2025-11-05T21:06:12","date_gmt":"2025-11-05T21:06:12","guid":{"rendered":"https:\/\/cipele.ba\/shop\/uncategorized\/lotto-ethan-2\/"},"modified":"2026-04-21T12:29:19","modified_gmt":"2026-04-21T12:29:19","slug":"lotto-ethan-2","status":"publish","type":"product","link":"https:\/\/cipele.ba\/en\/shop\/muskarci\/muske-gleznjace\/lotto-ethan-2\/","title":{"rendered":"Lotto Ethan"},"content":{"rendered":"<p><!--googleoff: all--> <\/p>\n<p> Lotto ETHAN mu\u0161ke lifestyle patike su idealne za duge \u0161etnje i svakodnevne aktivnosti tokom prohladnih jesenjih dana. <\/p>\n<p> Svedenog kolorita, sa diskretnim logotipom, savr\u0161ene su za kombinovanje sa razli\u010ditim odjevnim kombinacijama. Patike imaju klasi\u010dno pertlanje koje omogu\u0107ava prilago\u0111avanje va\u0161em stopalu. Gumeni \u0111on odli\u010dno prianja i pru\u017ea sigurnost pri svakom koraku, dok jezi\u010dak na peti olak\u0161ava obuvanje. <\/p>\n<p> Specifikacija: <\/p>\n<li> Mu\u0161ke lifestyle patike <\/li>\n<li> Dubok profil <\/li>\n<li> Pertlanje <\/li>\n<li> Gornji\u0161te od vje\u0161ta\u010dke ko\u017ee <\/li>\n<li> Gumeni \u0111on <!--googleon: all--> <\/li>","protected":false},"excerpt":{"rendered":"<p>Lotto ETHAN mu\u0161ke lifestyle patike su idealne za duge \u0161etnje i svakodnevne aktivnosti tokom prohladnih jesenjih dana. Svedenog kolorita, sa diskretnim logotipom, savr\u0161ene su za kombinovanje sa razli\u010ditim odjevnim kombinacijama. Patike imaju klasi\u010dno pertlanje koje omogu\u0107ava prilago\u0111avanje va\u0161em stopalu. Gumeni \u0111on odli\u010dno prianja i pru\u017ea sigurnost pri svakom koraku, dok jezi\u010dak na peti olak\u0161ava obuvanje. [&hellip;]<\/p>","protected":false},"featured_media":27982,"template":"","meta":{"jetpack_post_was_ever_published":false},"product_brand":[111],"product_cat":[68],"product_tag":[],"class_list":{"0":"post-27985","1":"product","2":"type-product","3":"status-publish","4":"has-post-thumbnail","6":"product_brand-sport_reality","7":"product_cat-muske-gleznjace","9":"first","10":"instock","11":"shipping-taxable","12":"product-type-external"},"jetpack-related-posts":[],"jetpack_sharing_enabled":true,"_links":{"self":[{"href":"https:\/\/cipele.ba\/en\/wp-json\/wp\/v2\/product\/27985","targetHints":{"allow":["GET"]}}],"collection":[{"href":"https:\/\/cipele.ba\/en\/wp-json\/wp\/v2\/product"}],"about":[{"href":"https:\/\/cipele.ba\/en\/wp-json\/wp\/v2\/types\/product"}],"wp:featuredmedia":[{"embeddable":true,"href":"https:\/\/cipele.ba\/en\/wp-json\/wp\/v2\/media\/27982"}],"wp:attachment":[{"href":"https:\/\/cipele.ba\/en\/wp-json\/wp\/v2\/media?parent=27985"}],"wp:term":[{"taxonomy":"product_brand","embeddable":true,"href":"https:\/\/cipele.ba\/en\/wp-json\/wp\/v2\/product_brand?post=27985"},{"taxonomy":"product_cat","embeddable":true,"href":"https:\/\/cipele.ba\/en\/wp-json\/wp\/v2\/product_cat?post=27985"},{"taxonomy":"product_tag","embeddable":true,"href":"https:\/\/cipele.ba\/en\/wp-json\/wp\/v2\/product_tag?post=27985"}],"curies":[{"name":"wp","href":"https:\/\/api.w.org\/{rel}","templated":true}]}}