{"id":27997,"date":"2025-11-05T21:06:20","date_gmt":"2025-11-05T21:06:20","guid":{"rendered":"https:\/\/cipele.ba\/shop\/uncategorized\/lotto-logyt\/"},"modified":"2026-04-22T04:16:08","modified_gmt":"2026-04-22T04:16:08","slug":"lotto-logyt","status":"publish","type":"product","link":"https:\/\/cipele.ba\/en\/shop\/muskarci\/muske-gleznjace\/lotto-logyt\/","title":{"rendered":"Lotto LOGYT"},"content":{"rendered":"<p><!--googleoff: all--> <\/p>\n<p> Lotto LOGYT su mu\u0161ke lifestyle cipele za zimu koje \u0107e vam pru\u017eiti udobnost i potrebnu za\u0161titu na svim terenima. <\/p>\n<p> Dubok profil \u0161titi zglob pri svakoj va\u0161oj aktivnosti. Vodootporno gornji\u0161te je idealno za vla\u017eno vrijeme jer garantuje da \u0107e va\u0161a stopala ostati suva. Gumeni \u0111on sa dubokim \u017eljebovima obezbje\u0111uje odli\u010dno prianjanje i stabilnost. Ako su vam potrebne cipele za ki\u0161no i hladno vrijeme, Lotto LOGYT je pravi izbor za vas. <\/p>\n<p> Specifikacija: <\/p>\n<li> Mu\u0161ke lifestyle cipele <\/li>\n<li> Dubok profil <\/li>\n<li> Pertlanje <\/li>\n<li> Vodootporne <\/li>\n<li> Gornji\u0161te od sintetike i tekstila <\/li>\n<li> Gumeni \u0111on <!--googleon: all--> <\/li>","protected":false},"excerpt":{"rendered":"<p>Lotto LOGYT su mu\u0161ke lifestyle cipele za zimu koje \u0107e vam pru\u017eiti udobnost i potrebnu za\u0161titu na svim terenima. Dubok profil \u0161titi zglob pri svakoj va\u0161oj aktivnosti. Vodootporno gornji\u0161te je idealno za vla\u017eno vrijeme jer garantuje da \u0107e va\u0161a stopala ostati suva. Gumeni \u0111on sa dubokim \u017eljebovima obezbje\u0111uje odli\u010dno prianjanje i stabilnost. Ako su vam [&hellip;]<\/p>","protected":false},"featured_media":27994,"template":"","meta":{"jetpack_post_was_ever_published":false},"product_brand":[111],"product_cat":[83,68],"product_tag":[],"class_list":{"0":"post-27997","1":"product","2":"type-product","3":"status-publish","4":"has-post-thumbnail","6":"product_brand-sport_reality","7":"product_cat-popusti25","8":"product_cat-muske-gleznjace","10":"first","11":"instock","12":"shipping-taxable","13":"product-type-external"},"jetpack-related-posts":[],"jetpack_sharing_enabled":true,"_links":{"self":[{"href":"https:\/\/cipele.ba\/en\/wp-json\/wp\/v2\/product\/27997","targetHints":{"allow":["GET"]}}],"collection":[{"href":"https:\/\/cipele.ba\/en\/wp-json\/wp\/v2\/product"}],"about":[{"href":"https:\/\/cipele.ba\/en\/wp-json\/wp\/v2\/types\/product"}],"wp:featuredmedia":[{"embeddable":true,"href":"https:\/\/cipele.ba\/en\/wp-json\/wp\/v2\/media\/27994"}],"wp:attachment":[{"href":"https:\/\/cipele.ba\/en\/wp-json\/wp\/v2\/media?parent=27997"}],"wp:term":[{"taxonomy":"product_brand","embeddable":true,"href":"https:\/\/cipele.ba\/en\/wp-json\/wp\/v2\/product_brand?post=27997"},{"taxonomy":"product_cat","embeddable":true,"href":"https:\/\/cipele.ba\/en\/wp-json\/wp\/v2\/product_cat?post=27997"},{"taxonomy":"product_tag","embeddable":true,"href":"https:\/\/cipele.ba\/en\/wp-json\/wp\/v2\/product_tag?post=27997"}],"curies":[{"name":"wp","href":"https:\/\/api.w.org\/{rel}","templated":true}]}}