{"id":28014,"date":"2025-11-05T21:06:31","date_gmt":"2025-11-05T21:06:31","guid":{"rendered":"https:\/\/cipele.ba\/shop\/uncategorized\/kander-nanga-4\/"},"modified":"2026-04-21T20:14:50","modified_gmt":"2026-04-21T20:14:50","slug":"kander-nanga-4","status":"publish","type":"product","link":"https:\/\/cipele.ba\/en\/shop\/muskarci\/muske-gleznjace\/kander-nanga-4\/","title":{"rendered":"Kander Nanga"},"content":{"rendered":"<p><!--googleoff: all--> <\/p>\n<p>Kander Nanga mu\u0161ke outdoor \u010dizme srednje dubine su idealne za hladne zimske dane.<\/p>\n<\/p>\n<p> <b> Detalji <\/b> <\/p>\n<li>Od vodootpornih i izdr\u017eljivih materijala sa tekstilnom postavom koji omogu\u0107avaju da vam noge ostanu suve i tople<\/li>\n<li>Udobni i meki srednji \u0111on pru\u017ea odli\u010dnu amortizaciju i povra\u0107aj energije<\/li>\n<li>Gumeni \u0111on pru\u017ea vrhunsko prianjanje i stabilnost pri svakom koraku <!--googleon: all--> <\/li>","protected":false},"excerpt":{"rendered":"<p>Kander Nanga mu\u0161ke outdoor \u010dizme srednje dubine su idealne za hladne zimske dane. Detalji Od vodootpornih i izdr\u017eljivih materijala sa tekstilnom postavom koji omogu\u0107avaju da vam noge ostanu suve i tople Udobni i meki srednji \u0111on pru\u017ea odli\u010dnu amortizaciju i povra\u0107aj energije Gumeni \u0111on pru\u017ea vrhunsko prianjanje i stabilnost pri svakom koraku<\/p>","protected":false},"featured_media":28011,"template":"","meta":{"jetpack_post_was_ever_published":false},"product_brand":[111],"product_cat":[83,68],"product_tag":[],"class_list":{"0":"post-28014","1":"product","2":"type-product","3":"status-publish","4":"has-post-thumbnail","6":"product_brand-sport_reality","7":"product_cat-popusti25","8":"product_cat-muske-gleznjace","10":"first","11":"instock","12":"sale","13":"shipping-taxable","14":"product-type-external"},"jetpack-related-posts":[],"jetpack_sharing_enabled":true,"_links":{"self":[{"href":"https:\/\/cipele.ba\/en\/wp-json\/wp\/v2\/product\/28014","targetHints":{"allow":["GET"]}}],"collection":[{"href":"https:\/\/cipele.ba\/en\/wp-json\/wp\/v2\/product"}],"about":[{"href":"https:\/\/cipele.ba\/en\/wp-json\/wp\/v2\/types\/product"}],"wp:featuredmedia":[{"embeddable":true,"href":"https:\/\/cipele.ba\/en\/wp-json\/wp\/v2\/media\/28011"}],"wp:attachment":[{"href":"https:\/\/cipele.ba\/en\/wp-json\/wp\/v2\/media?parent=28014"}],"wp:term":[{"taxonomy":"product_brand","embeddable":true,"href":"https:\/\/cipele.ba\/en\/wp-json\/wp\/v2\/product_brand?post=28014"},{"taxonomy":"product_cat","embeddable":true,"href":"https:\/\/cipele.ba\/en\/wp-json\/wp\/v2\/product_cat?post=28014"},{"taxonomy":"product_tag","embeddable":true,"href":"https:\/\/cipele.ba\/en\/wp-json\/wp\/v2\/product_tag?post=28014"}],"curies":[{"name":"wp","href":"https:\/\/api.w.org\/{rel}","templated":true}]}}