{"id":28169,"date":"2025-11-05T21:18:21","date_gmt":"2025-11-05T21:18:21","guid":{"rendered":"https:\/\/cipele.ba\/shop\/uncategorized\/kander-elitta\/"},"modified":"2026-04-21T23:35:50","modified_gmt":"2026-04-21T23:35:50","slug":"kander-elitta","status":"publish","type":"product","link":"https:\/\/cipele.ba\/en\/shop\/zene\/zenske-gleznjace\/kander-elitta\/","title":{"rendered":"Kander Elitta"},"content":{"rendered":"<p><!--googleoff: all--> <\/p>\n<p> Kander Elitta su \u017eenske outdoor patike s interesantnim izgledom za udobnost u svim vremenskim uslovima. <\/p>\n<\/p>\n<p> <b> Detalji <\/b> <\/p>\n<li> Vodootporno gornji\u0161te <\/li>\n<li> Klasi\u010dne pertle <\/li>\n<li> Gumeni spoljni \u0111on <\/li>\n<li> Jezi\u010dci na peti i jeziku <!--googleon: all--> <\/li>","protected":false},"excerpt":{"rendered":"<p>Kander Elitta su \u017eenske outdoor patike s interesantnim izgledom za udobnost u svim vremenskim uslovima. Detalji Vodootporno gornji\u0161te Klasi\u010dne pertle Gumeni spoljni \u0111on Jezi\u010dci na peti i jeziku<\/p>","protected":false},"featured_media":28167,"template":"","meta":{"jetpack_post_was_ever_published":false},"product_brand":[111],"product_cat":[64],"product_tag":[],"class_list":{"0":"post-28169","1":"product","2":"type-product","3":"status-publish","4":"has-post-thumbnail","6":"product_brand-sport_reality","7":"product_cat-zenske-gleznjace","9":"first","10":"instock","11":"shipping-taxable","12":"product-type-external"},"jetpack-related-posts":[],"jetpack_sharing_enabled":true,"_links":{"self":[{"href":"https:\/\/cipele.ba\/en\/wp-json\/wp\/v2\/product\/28169","targetHints":{"allow":["GET"]}}],"collection":[{"href":"https:\/\/cipele.ba\/en\/wp-json\/wp\/v2\/product"}],"about":[{"href":"https:\/\/cipele.ba\/en\/wp-json\/wp\/v2\/types\/product"}],"wp:featuredmedia":[{"embeddable":true,"href":"https:\/\/cipele.ba\/en\/wp-json\/wp\/v2\/media\/28167"}],"wp:attachment":[{"href":"https:\/\/cipele.ba\/en\/wp-json\/wp\/v2\/media?parent=28169"}],"wp:term":[{"taxonomy":"product_brand","embeddable":true,"href":"https:\/\/cipele.ba\/en\/wp-json\/wp\/v2\/product_brand?post=28169"},{"taxonomy":"product_cat","embeddable":true,"href":"https:\/\/cipele.ba\/en\/wp-json\/wp\/v2\/product_cat?post=28169"},{"taxonomy":"product_tag","embeddable":true,"href":"https:\/\/cipele.ba\/en\/wp-json\/wp\/v2\/product_tag?post=28169"}],"curies":[{"name":"wp","href":"https:\/\/api.w.org\/{rel}","templated":true}]}}