{"id":28170,"date":"2025-11-05T21:18:21","date_gmt":"2025-11-05T21:18:21","guid":{"rendered":"https:\/\/cipele.ba\/shop\/uncategorized\/kander-palni\/"},"modified":"2026-04-21T17:09:37","modified_gmt":"2026-04-21T17:09:37","slug":"kander-palni","status":"publish","type":"product","link":"https:\/\/cipele.ba\/en\/shop\/zene\/zenske-gleznjace\/kander-palni\/","title":{"rendered":"Kander Palni"},"content":{"rendered":"<p><!--googleoff: all--> <\/p>\n<p>Kander Palni \u017eenske outdoor \u010dizme srednje dubine su idealne za hladne zimske dane.<\/p>\n<\/p>\n<p> <b> Detalji <\/b> <\/p>\n<li>Od vodootpornih i izdr\u017eljivih materijala sa tekstilnom postavom koji omogu\u0107avaju da vam noge ostanu suve i tople <\/li>\n<li> Meki srednji \u0111on pru\u017ea odli\u010dnu amortizaciju i povra\u0107aj energije <\/li>\n<li>Gumeni \u0111on pru\u017ea vrhunsko prianjanje na raznim povr\u0161inama, \u010dime obezbje\u0111uje siguran korak <!--googleon: all--> <\/li>","protected":false},"excerpt":{"rendered":"<p>Kander Palni \u017eenske outdoor \u010dizme srednje dubine su idealne za hladne zimske dane. Detalji Od vodootpornih i izdr\u017eljivih materijala sa tekstilnom postavom koji omogu\u0107avaju da vam noge ostanu suve i tople Meki srednji \u0111on pru\u017ea odli\u010dnu amortizaciju i povra\u0107aj energije Gumeni \u0111on pru\u017ea vrhunsko prianjanje na raznim povr\u0161inama, \u010dime obezbje\u0111uje siguran korak<\/p>","protected":false},"featured_media":28166,"template":"","meta":{"jetpack_post_was_ever_published":false},"product_brand":[111],"product_cat":[64],"product_tag":[],"class_list":{"0":"post-28170","1":"product","2":"type-product","3":"status-publish","4":"has-post-thumbnail","6":"product_brand-sport_reality","7":"product_cat-zenske-gleznjace","9":"first","10":"instock","11":"shipping-taxable","12":"product-type-external"},"jetpack-related-posts":[],"jetpack_sharing_enabled":true,"_links":{"self":[{"href":"https:\/\/cipele.ba\/en\/wp-json\/wp\/v2\/product\/28170","targetHints":{"allow":["GET"]}}],"collection":[{"href":"https:\/\/cipele.ba\/en\/wp-json\/wp\/v2\/product"}],"about":[{"href":"https:\/\/cipele.ba\/en\/wp-json\/wp\/v2\/types\/product"}],"wp:featuredmedia":[{"embeddable":true,"href":"https:\/\/cipele.ba\/en\/wp-json\/wp\/v2\/media\/28166"}],"wp:attachment":[{"href":"https:\/\/cipele.ba\/en\/wp-json\/wp\/v2\/media?parent=28170"}],"wp:term":[{"taxonomy":"product_brand","embeddable":true,"href":"https:\/\/cipele.ba\/en\/wp-json\/wp\/v2\/product_brand?post=28170"},{"taxonomy":"product_cat","embeddable":true,"href":"https:\/\/cipele.ba\/en\/wp-json\/wp\/v2\/product_cat?post=28170"},{"taxonomy":"product_tag","embeddable":true,"href":"https:\/\/cipele.ba\/en\/wp-json\/wp\/v2\/product_tag?post=28170"}],"curies":[{"name":"wp","href":"https:\/\/api.w.org\/{rel}","templated":true}]}}