{"id":28176,"date":"2025-11-05T21:18:26","date_gmt":"2025-11-05T21:18:26","guid":{"rendered":"https:\/\/cipele.ba\/shop\/uncategorized\/kander-heha\/"},"modified":"2026-04-21T18:26:42","modified_gmt":"2026-04-21T18:26:42","slug":"kander-heha","status":"publish","type":"product","link":"https:\/\/cipele.ba\/en\/shop\/zene\/zenske-gleznjace\/kander-heha\/","title":{"rendered":"Kander Heha"},"content":{"rendered":"<p><!--googleoff: all--> <\/p>\n<p>Kander Heha \u017eenske outdoor patike su patike za hajking visokih performansi.<\/p>\n<\/p>\n<p> <b> Detalji <\/b> <\/p>\n<li> Moderni, multifunkcionalni dizajn sa vodoodbojnim slojem<\/li>\n<li>Izdr\u017eljivi gumeni \u0111on pru\u017ea vrhunsko prianjanje na svim povr\u0161inama<\/li>\n<li> Struktura srednjeg profila pru\u017ea udobnost i potporu \u010dak i na najzahtjevnijim stazama <!--googleon: all--> <\/li>","protected":false},"excerpt":{"rendered":"<p>Kander Heha \u017eenske outdoor patike su patike za hajking visokih performansi. Detalji Moderni, multifunkcionalni dizajn sa vodoodbojnim slojem Izdr\u017eljivi gumeni \u0111on pru\u017ea vrhunsko prianjanje na svim povr\u0161inama Struktura srednjeg profila pru\u017ea udobnost i potporu \u010dak i na najzahtjevnijim stazama<\/p>","protected":false},"featured_media":28174,"template":"","meta":{"jetpack_post_was_ever_published":false},"product_brand":[111],"product_cat":[64],"product_tag":[],"class_list":{"0":"post-28176","1":"product","2":"type-product","3":"status-publish","4":"has-post-thumbnail","6":"product_brand-sport_reality","7":"product_cat-zenske-gleznjace","9":"first","10":"instock","11":"shipping-taxable","12":"product-type-external"},"jetpack-related-posts":[],"jetpack_sharing_enabled":true,"_links":{"self":[{"href":"https:\/\/cipele.ba\/en\/wp-json\/wp\/v2\/product\/28176","targetHints":{"allow":["GET"]}}],"collection":[{"href":"https:\/\/cipele.ba\/en\/wp-json\/wp\/v2\/product"}],"about":[{"href":"https:\/\/cipele.ba\/en\/wp-json\/wp\/v2\/types\/product"}],"wp:featuredmedia":[{"embeddable":true,"href":"https:\/\/cipele.ba\/en\/wp-json\/wp\/v2\/media\/28174"}],"wp:attachment":[{"href":"https:\/\/cipele.ba\/en\/wp-json\/wp\/v2\/media?parent=28176"}],"wp:term":[{"taxonomy":"product_brand","embeddable":true,"href":"https:\/\/cipele.ba\/en\/wp-json\/wp\/v2\/product_brand?post=28176"},{"taxonomy":"product_cat","embeddable":true,"href":"https:\/\/cipele.ba\/en\/wp-json\/wp\/v2\/product_cat?post=28176"},{"taxonomy":"product_tag","embeddable":true,"href":"https:\/\/cipele.ba\/en\/wp-json\/wp\/v2\/product_tag?post=28176"}],"curies":[{"name":"wp","href":"https:\/\/api.w.org\/{rel}","templated":true}]}}