{"id":28194,"date":"2025-11-05T21:18:38","date_gmt":"2025-11-05T21:18:38","guid":{"rendered":"https:\/\/cipele.ba\/shop\/uncategorized\/kander-ossa\/"},"modified":"2026-04-18T20:56:39","modified_gmt":"2026-04-18T20:56:39","slug":"kander-ossa","status":"publish","type":"product","link":"https:\/\/cipele.ba\/en\/shop\/zene\/zenske-gleznjace\/kander-ossa\/","title":{"rendered":"Kander Ossa"},"content":{"rendered":"<p><!--googleoff: all--> <\/p>\n<p> Bilo da ste na planinskoj stazi ili \u0161etate po sne\u017enim gradskim ulicama, Kander Ossa \u017eenske outdoor \u010dizme su va\u0161 najbolji saveznik po hladnom vremenu. <\/p>\n<\/p>\n<p> <b> Detalji <\/b> <\/p>\n<li> Vodootporno gornji\u0161te <\/li>\n<li> \u010ci\u010dak-traka na gornjem dijelu za uski kroj oko \u010dlanka <\/li>\n<li> Gumeni spoljni \u0111on <!--googleon: all--> <\/li>","protected":false},"excerpt":{"rendered":"<p>Bilo da ste na planinskoj stazi ili \u0161etate po sne\u017enim gradskim ulicama, Kander Ossa \u017eenske outdoor \u010dizme su va\u0161 najbolji saveznik po hladnom vremenu. Detalji Vodootporno gornji\u0161te \u010ci\u010dak-traka na gornjem dijelu za uski kroj oko \u010dlanka Gumeni spoljni \u0111on<\/p>","protected":false},"featured_media":28191,"template":"","meta":{"jetpack_post_was_ever_published":false},"product_brand":[111],"product_cat":[64],"product_tag":[],"class_list":{"0":"post-28194","1":"product","2":"type-product","3":"status-publish","4":"has-post-thumbnail","6":"product_brand-sport_reality","7":"product_cat-zenske-gleznjace","9":"first","10":"instock","11":"shipping-taxable","12":"product-type-external"},"jetpack-related-posts":[],"jetpack_sharing_enabled":true,"_links":{"self":[{"href":"https:\/\/cipele.ba\/en\/wp-json\/wp\/v2\/product\/28194","targetHints":{"allow":["GET"]}}],"collection":[{"href":"https:\/\/cipele.ba\/en\/wp-json\/wp\/v2\/product"}],"about":[{"href":"https:\/\/cipele.ba\/en\/wp-json\/wp\/v2\/types\/product"}],"wp:featuredmedia":[{"embeddable":true,"href":"https:\/\/cipele.ba\/en\/wp-json\/wp\/v2\/media\/28191"}],"wp:attachment":[{"href":"https:\/\/cipele.ba\/en\/wp-json\/wp\/v2\/media?parent=28194"}],"wp:term":[{"taxonomy":"product_brand","embeddable":true,"href":"https:\/\/cipele.ba\/en\/wp-json\/wp\/v2\/product_brand?post=28194"},{"taxonomy":"product_cat","embeddable":true,"href":"https:\/\/cipele.ba\/en\/wp-json\/wp\/v2\/product_cat?post=28194"},{"taxonomy":"product_tag","embeddable":true,"href":"https:\/\/cipele.ba\/en\/wp-json\/wp\/v2\/product_tag?post=28194"}],"curies":[{"name":"wp","href":"https:\/\/api.w.org\/{rel}","templated":true}]}}