{"id":28201,"date":"2025-11-05T21:18:43","date_gmt":"2025-11-05T21:18:43","guid":{"rendered":"https:\/\/cipele.ba\/shop\/uncategorized\/kander-yutmaru-2\/"},"modified":"2026-04-20T04:38:00","modified_gmt":"2026-04-20T04:38:00","slug":"kander-yutmaru-2","status":"publish","type":"product","link":"https:\/\/cipele.ba\/en\/shop\/zene\/zenske-gleznjace\/kander-yutmaru-2\/","title":{"rendered":"Kander Yutmaru"},"content":{"rendered":"<p><!--googleoff: all--> <\/p>\n<p> Kander YUTMARU su \u017eenske outdoor \u010dizme koje su savr\u0161en odabir za hladne dane, bez obzira da li zimu provodite na planini ili gradu. Zakora\u010dite puni samopouzdanja u hladnu i vla\u017enu sezonu. <\/p>\n<p> Model ove sportske obu\u0107e poma\u017ee da pokrijete sve \u017eivotne stilove &#8211; od odlaska u kancelariju do odmora na planini. Dizajnirane su tako da obezbje\u0111uju odli\u010dnu pokrivenost i daju prijatnu toplotu. Robusno gazi\u0161te je inspirisano nepristupa\u010dnim stazama na koje odlazite vikendom sa prijateljima. Oja\u010dana gumena peta i vrh prstiju \u0161tite \u010dizmu od habanja. Osim toga, me\u0161avina materijala daje bezvremenski izgled i izdr\u017eljivost, te ovo sigurno nije model za jednu sezonu. Gumeni \u0111on pru\u017ea odli\u010dno prianjanje na razli\u010ditim povr\u0161inama, pa u\u017eivajte bezbjedno gdje god vas put nanese. Specifikacija: <\/p>\n<li> \u017denske outdoor \u010dizme <\/li>\n<li> Pertlanje<\/li>\n<li> Sastav: 55% tekstil i 45% poliuretan<\/li>\n<li>Mekani srednji \u0111on <\/li>\n<li>Duboki profil<\/li>\n<li> Gumeni \u0111on <!--googleon: all--> <\/li>","protected":false},"excerpt":{"rendered":"<p>Kander YUTMARU su \u017eenske outdoor \u010dizme koje su savr\u0161en odabir za hladne dane, bez obzira da li zimu provodite na planini ili gradu. Zakora\u010dite puni samopouzdanja u hladnu i vla\u017enu sezonu. Model ove sportske obu\u0107e poma\u017ee da pokrijete sve \u017eivotne stilove &#8211; od odlaska u kancelariju do odmora na planini. Dizajnirane su tako da obezbje\u0111uju [&hellip;]<\/p>","protected":false},"featured_media":28198,"template":"","meta":{"jetpack_post_was_ever_published":false},"product_brand":[111],"product_cat":[64],"product_tag":[],"class_list":{"0":"post-28201","1":"product","2":"type-product","3":"status-publish","4":"has-post-thumbnail","6":"product_brand-sport_reality","7":"product_cat-zenske-gleznjace","9":"first","10":"instock","11":"shipping-taxable","12":"product-type-external"},"jetpack-related-posts":[],"jetpack_sharing_enabled":true,"_links":{"self":[{"href":"https:\/\/cipele.ba\/en\/wp-json\/wp\/v2\/product\/28201","targetHints":{"allow":["GET"]}}],"collection":[{"href":"https:\/\/cipele.ba\/en\/wp-json\/wp\/v2\/product"}],"about":[{"href":"https:\/\/cipele.ba\/en\/wp-json\/wp\/v2\/types\/product"}],"wp:featuredmedia":[{"embeddable":true,"href":"https:\/\/cipele.ba\/en\/wp-json\/wp\/v2\/media\/28198"}],"wp:attachment":[{"href":"https:\/\/cipele.ba\/en\/wp-json\/wp\/v2\/media?parent=28201"}],"wp:term":[{"taxonomy":"product_brand","embeddable":true,"href":"https:\/\/cipele.ba\/en\/wp-json\/wp\/v2\/product_brand?post=28201"},{"taxonomy":"product_cat","embeddable":true,"href":"https:\/\/cipele.ba\/en\/wp-json\/wp\/v2\/product_cat?post=28201"},{"taxonomy":"product_tag","embeddable":true,"href":"https:\/\/cipele.ba\/en\/wp-json\/wp\/v2\/product_tag?post=28201"}],"curies":[{"name":"wp","href":"https:\/\/api.w.org\/{rel}","templated":true}]}}