{"id":28209,"date":"2025-11-05T21:18:50","date_gmt":"2025-11-05T21:18:50","guid":{"rendered":"https:\/\/cipele.ba\/shop\/uncategorized\/lotto-lina-3\/"},"modified":"2026-04-18T21:21:35","modified_gmt":"2026-04-18T21:21:35","slug":"lotto-lina-3","status":"publish","type":"product","link":"https:\/\/cipele.ba\/en\/shop\/zene\/zenske-gleznjace\/lotto-lina-3\/","title":{"rendered":"Lotto Lina"},"content":{"rendered":"<p><!--googleoff: all--> <\/p>\n<p> Lotto LINA su \u017eenske lifestyle patike za zimu koje \u0107e vas utopliti tokom najhladnijih dana. <\/p>\n<p> Gornji\u0161te od tekstila i sintetike se lako odr\u017eava, pa ne morate da izbegavate lo\u0161e vremenske uslove, dok vodootporni sloj odr\u017eava va\u0161a stopala suvim i toplim. Srednji \u0111on od Phylon pjene nudi fleksibilnost, a gumeni \u0111on sa \u017eljebovima obezbje\u0111uje odli\u010dno prianjanje. <\/p>\n<p> Specifikacija: <\/p>\n<li> \u017denske lifestyle patike <\/li>\n<li> Dubok profil <\/li>\n<li> Pertlanje <\/li>\n<li> Gornji\u0161te od sintetike i tekstila <\/li>\n<li> Vodootporne <\/li>\n<li> Phylon pjena <\/li>\n<li> Gumeni \u0111on <!--googleon: all--> <\/li>","protected":false},"excerpt":{"rendered":"<p>Lotto LINA su \u017eenske lifestyle patike za zimu koje \u0107e vas utopliti tokom najhladnijih dana. Gornji\u0161te od tekstila i sintetike se lako odr\u017eava, pa ne morate da izbegavate lo\u0161e vremenske uslove, dok vodootporni sloj odr\u017eava va\u0161a stopala suvim i toplim. Srednji \u0111on od Phylon pjene nudi fleksibilnost, a gumeni \u0111on sa \u017eljebovima obezbje\u0111uje odli\u010dno prianjanje. [&hellip;]<\/p>","protected":false},"featured_media":28208,"template":"","meta":{"jetpack_post_was_ever_published":false},"product_brand":[111],"product_cat":[64],"product_tag":[],"class_list":{"0":"post-28209","1":"product","2":"type-product","3":"status-publish","4":"has-post-thumbnail","6":"product_brand-sport_reality","7":"product_cat-zenske-gleznjace","9":"first","10":"instock","11":"shipping-taxable","12":"product-type-external"},"jetpack-related-posts":[],"jetpack_sharing_enabled":true,"_links":{"self":[{"href":"https:\/\/cipele.ba\/en\/wp-json\/wp\/v2\/product\/28209","targetHints":{"allow":["GET"]}}],"collection":[{"href":"https:\/\/cipele.ba\/en\/wp-json\/wp\/v2\/product"}],"about":[{"href":"https:\/\/cipele.ba\/en\/wp-json\/wp\/v2\/types\/product"}],"wp:featuredmedia":[{"embeddable":true,"href":"https:\/\/cipele.ba\/en\/wp-json\/wp\/v2\/media\/28208"}],"wp:attachment":[{"href":"https:\/\/cipele.ba\/en\/wp-json\/wp\/v2\/media?parent=28209"}],"wp:term":[{"taxonomy":"product_brand","embeddable":true,"href":"https:\/\/cipele.ba\/en\/wp-json\/wp\/v2\/product_brand?post=28209"},{"taxonomy":"product_cat","embeddable":true,"href":"https:\/\/cipele.ba\/en\/wp-json\/wp\/v2\/product_cat?post=28209"},{"taxonomy":"product_tag","embeddable":true,"href":"https:\/\/cipele.ba\/en\/wp-json\/wp\/v2\/product_tag?post=28209"}],"curies":[{"name":"wp","href":"https:\/\/api.w.org\/{rel}","templated":true}]}}