{"id":28344,"date":"2025-11-05T21:28:06","date_gmt":"2025-11-05T21:28:06","guid":{"rendered":"https:\/\/cipele.ba\/shop\/uncategorized\/kander-nobs-4\/"},"modified":"2026-04-22T02:45:09","modified_gmt":"2026-04-22T02:45:09","slug":"kander-nobs-4","status":"publish","type":"product","link":"https:\/\/cipele.ba\/en\/shop\/djeca\/djecije-gleznjace\/kander-nobs-4\/","title":{"rendered":"Kander Nobs"},"content":{"rendered":"<p><!--googleoff: all--> <\/p>\n<p> Kander Nobs outdoor \u010dizme za dje\u010dake pru\u017eaju savr\u0161en balans fleksibilnosti i potpore. <\/p>\n<\/p>\n<p> <b> Detalji <\/b> <\/p>\n<li> Moderan vodootporni dizajn odr\u017eava stopala suvim i za\u0161ti\u0107enim u vla\u017enim uslovima <\/li>\n<li> Sistem brzog pertlanja omogu\u0107ava lako pode\u0161avanje <\/li>\n<li> Spoljni \u0111on pru\u017ea vrhunsko prianjanje na bilo kojoj podlozi <!--googleon: all--> <\/li>","protected":false},"excerpt":{"rendered":"<p>Kander Nobs outdoor \u010dizme za dje\u010dake pru\u017eaju savr\u0161en balans fleksibilnosti i potpore. Detalji Moderan vodootporni dizajn odr\u017eava stopala suvim i za\u0161ti\u0107enim u vla\u017enim uslovima Sistem brzog pertlanja omogu\u0107ava lako pode\u0161avanje Spoljni \u0111on pru\u017ea vrhunsko prianjanje na bilo kojoj podlozi<\/p>","protected":false},"featured_media":28342,"template":"","meta":{"jetpack_post_was_ever_published":false},"product_brand":[111],"product_cat":[72],"product_tag":[],"class_list":{"0":"post-28344","1":"product","2":"type-product","3":"status-publish","4":"has-post-thumbnail","6":"product_brand-sport_reality","7":"product_cat-djecije-gleznjace","9":"first","10":"instock","11":"sale","12":"shipping-taxable","13":"product-type-external"},"jetpack-related-posts":[],"jetpack_sharing_enabled":true,"_links":{"self":[{"href":"https:\/\/cipele.ba\/en\/wp-json\/wp\/v2\/product\/28344","targetHints":{"allow":["GET"]}}],"collection":[{"href":"https:\/\/cipele.ba\/en\/wp-json\/wp\/v2\/product"}],"about":[{"href":"https:\/\/cipele.ba\/en\/wp-json\/wp\/v2\/types\/product"}],"wp:featuredmedia":[{"embeddable":true,"href":"https:\/\/cipele.ba\/en\/wp-json\/wp\/v2\/media\/28342"}],"wp:attachment":[{"href":"https:\/\/cipele.ba\/en\/wp-json\/wp\/v2\/media?parent=28344"}],"wp:term":[{"taxonomy":"product_brand","embeddable":true,"href":"https:\/\/cipele.ba\/en\/wp-json\/wp\/v2\/product_brand?post=28344"},{"taxonomy":"product_cat","embeddable":true,"href":"https:\/\/cipele.ba\/en\/wp-json\/wp\/v2\/product_cat?post=28344"},{"taxonomy":"product_tag","embeddable":true,"href":"https:\/\/cipele.ba\/en\/wp-json\/wp\/v2\/product_tag?post=28344"}],"curies":[{"name":"wp","href":"https:\/\/api.w.org\/{rel}","templated":true}]}}