{"id":28349,"date":"2025-11-05T21:28:10","date_gmt":"2025-11-05T21:28:10","guid":{"rendered":"https:\/\/cipele.ba\/shop\/uncategorized\/kander-palmer-4\/"},"modified":"2026-04-21T15:12:16","modified_gmt":"2026-04-21T15:12:16","slug":"kander-palmer-4","status":"publish","type":"product","link":"https:\/\/cipele.ba\/en\/shop\/djeca\/djecije-gleznjace\/kander-palmer-4\/","title":{"rendered":"Kander Palmer"},"content":{"rendered":"<p><!--googleoff: all--> <\/p>\n<p> Kander Palmer outdoor \u010dizme za bebe dje\u010dake su lagane, ali tople, savr\u0161ene za hladnije dane i avanture na otvorenom. <\/p>\n<\/p>\n<p> <b> Detalji <\/b> <\/p>\n<li> Vodootporno gornji\u0161te <\/li>\n<li> Sistem brzog pertlanja elasti\u010dnim pertlama za lako pode\u0161avanje <\/li>\n<li> \u010ci\u010dak-traka na gornjem dijelu za uski kroj <\/li>\n<li> Gumeni \u0111on pru\u017ea vrhunsko prianjanje na svakoj povr\u0161ini <!--googleon: all--> <\/li>","protected":false},"excerpt":{"rendered":"<p>Kander Palmer outdoor \u010dizme za bebe dje\u010dake su lagane, ali tople, savr\u0161ene za hladnije dane i avanture na otvorenom. Detalji Vodootporno gornji\u0161te Sistem brzog pertlanja elasti\u010dnim pertlama za lako pode\u0161avanje \u010ci\u010dak-traka na gornjem dijelu za uski kroj Gumeni \u0111on pru\u017ea vrhunsko prianjanje na svakoj povr\u0161ini<\/p>","protected":false},"featured_media":28346,"template":"","meta":{"jetpack_post_was_ever_published":false},"product_brand":[111],"product_cat":[72],"product_tag":[],"class_list":{"0":"post-28349","1":"product","2":"type-product","3":"status-publish","4":"has-post-thumbnail","6":"product_brand-sport_reality","7":"product_cat-djecije-gleznjace","9":"first","10":"instock","11":"sale","12":"shipping-taxable","13":"product-type-external"},"jetpack-related-posts":[],"jetpack_sharing_enabled":true,"_links":{"self":[{"href":"https:\/\/cipele.ba\/en\/wp-json\/wp\/v2\/product\/28349","targetHints":{"allow":["GET"]}}],"collection":[{"href":"https:\/\/cipele.ba\/en\/wp-json\/wp\/v2\/product"}],"about":[{"href":"https:\/\/cipele.ba\/en\/wp-json\/wp\/v2\/types\/product"}],"wp:featuredmedia":[{"embeddable":true,"href":"https:\/\/cipele.ba\/en\/wp-json\/wp\/v2\/media\/28346"}],"wp:attachment":[{"href":"https:\/\/cipele.ba\/en\/wp-json\/wp\/v2\/media?parent=28349"}],"wp:term":[{"taxonomy":"product_brand","embeddable":true,"href":"https:\/\/cipele.ba\/en\/wp-json\/wp\/v2\/product_brand?post=28349"},{"taxonomy":"product_cat","embeddable":true,"href":"https:\/\/cipele.ba\/en\/wp-json\/wp\/v2\/product_cat?post=28349"},{"taxonomy":"product_tag","embeddable":true,"href":"https:\/\/cipele.ba\/en\/wp-json\/wp\/v2\/product_tag?post=28349"}],"curies":[{"name":"wp","href":"https:\/\/api.w.org\/{rel}","templated":true}]}}