{"id":28352,"date":"2025-11-05T21:28:12","date_gmt":"2025-11-05T21:28:12","guid":{"rendered":"https:\/\/cipele.ba\/shop\/uncategorized\/kander-ultar-7\/"},"modified":"2026-04-21T17:00:22","modified_gmt":"2026-04-21T17:00:22","slug":"kander-ultar-7","status":"publish","type":"product","link":"https:\/\/cipele.ba\/en\/shop\/djeca\/djecije-gleznjace\/kander-ultar-7\/","title":{"rendered":"Kander Ultar"},"content":{"rendered":"<p><!--googleoff: all--> <\/p>\n<p> KANDER Ultar GS su outdoor dje\u010dije duboke cipele za starije dje\u010dake, idealne za prohladne dane. <\/p>\n<p> Odli\u010dan izbor za sve koji nisu navikli na klasi\u010dne modele obu\u0107e. Cipele su dubokog profila klasi\u010dnog pertlanja i KANDER logom koji jasno iskazuje va\u0161u ljubav prema ovom brendu. Srednji \u0111on od pjene dodaje na udobnosti i pru\u017ea laganu amortizaciju, a tu je i jezi\u010dak za petu koji olak\u0161ava obuvanje i izuvanje ovih cipela. Izdr\u017eljivi gumeni \u0111on obezbje\u0111uje odli\u010dno prianjanje i daje sigurnost va\u0161em koraku. Zapertlajte ove moderne cipele i prepustite se novim tinejd\u017e avanturama koje donosi novi dan. <\/p>\n<p> Specifikacija: <\/p>\n<li> Outdoor dje\u010dije duboke cipele za starije de\u010dake <\/li>\n<li> Srednji \u0111on od pjene <\/li>\n<li> Jezi\u010dak za petu <\/li>\n<li> Pertlanje <\/li>\n<li> Gumeni \u0111on <!--googleon: all--> <\/li>","protected":false},"excerpt":{"rendered":"<p>KANDER Ultar GS su outdoor dje\u010dije duboke cipele za starije dje\u010dake, idealne za prohladne dane. Odli\u010dan izbor za sve koji nisu navikli na klasi\u010dne modele obu\u0107e. Cipele su dubokog profila klasi\u010dnog pertlanja i KANDER logom koji jasno iskazuje va\u0161u ljubav prema ovom brendu. Srednji \u0111on od pjene dodaje na udobnosti i pru\u017ea laganu amortizaciju, a [&hellip;]<\/p>","protected":false},"featured_media":28351,"template":"","meta":{"jetpack_post_was_ever_published":false},"product_brand":[111],"product_cat":[72],"product_tag":[],"class_list":{"0":"post-28352","1":"product","2":"type-product","3":"status-publish","4":"has-post-thumbnail","6":"product_brand-sport_reality","7":"product_cat-djecije-gleznjace","9":"first","10":"instock","11":"shipping-taxable","12":"product-type-external"},"jetpack-related-posts":[],"jetpack_sharing_enabled":true,"_links":{"self":[{"href":"https:\/\/cipele.ba\/en\/wp-json\/wp\/v2\/product\/28352","targetHints":{"allow":["GET"]}}],"collection":[{"href":"https:\/\/cipele.ba\/en\/wp-json\/wp\/v2\/product"}],"about":[{"href":"https:\/\/cipele.ba\/en\/wp-json\/wp\/v2\/types\/product"}],"wp:featuredmedia":[{"embeddable":true,"href":"https:\/\/cipele.ba\/en\/wp-json\/wp\/v2\/media\/28351"}],"wp:attachment":[{"href":"https:\/\/cipele.ba\/en\/wp-json\/wp\/v2\/media?parent=28352"}],"wp:term":[{"taxonomy":"product_brand","embeddable":true,"href":"https:\/\/cipele.ba\/en\/wp-json\/wp\/v2\/product_brand?post=28352"},{"taxonomy":"product_cat","embeddable":true,"href":"https:\/\/cipele.ba\/en\/wp-json\/wp\/v2\/product_cat?post=28352"},{"taxonomy":"product_tag","embeddable":true,"href":"https:\/\/cipele.ba\/en\/wp-json\/wp\/v2\/product_tag?post=28352"}],"curies":[{"name":"wp","href":"https:\/\/api.w.org\/{rel}","templated":true}]}}