{"id":28378,"date":"2025-11-05T21:28:29","date_gmt":"2025-11-05T21:28:29","guid":{"rendered":"https:\/\/cipele.ba\/shop\/uncategorized\/adidas-terrex-trailmaker-high-cold-ready-3\/"},"modified":"2026-04-21T20:23:49","modified_gmt":"2026-04-21T20:23:49","slug":"adidas-terrex-trailmaker-high-cold-ready-3","status":"publish","type":"product","link":"https:\/\/cipele.ba\/en\/shop\/djeca\/djecije-gleznjace\/adidas-terrex-trailmaker-high-cold-ready-3\/","title":{"rendered":"adidas TERREX TRAILMAKER HIGH COLD.READY"},"content":{"rendered":"<p><!--googleoff: all--> <\/p>\n<p> adidas TERREX TRAILMAKER HIGH COLD.READY su uniseks dje\u010dije patike za planinarenje u kojima \u0107e zimske \u010darolije biti pravo u\u017eivanje. Podstaknite mali\u0161ane da istra\u017euju svijet na otvorenom i poka\u017eu svoju avanturisti\u010dku stranu. <\/p>\n<p> Dizajnirane za zimske uslove, ove duboke patike imaju GORE-TEX membranu koja je vodootporna i visoko prozra\u010dna, kako bi dje\u010dija stopala ostala suva. Kombinacija su laganih karakteristika sportskih patika i sigurne podr\u0161ke i topline outdoor cipela. Gornji\u0161te je izra\u0111eno od izdr\u017eljivog tekstilnog materijala sa COLD.READY tehnologijom i PrimaLoft\u00ae izolacijom koja spre\u010dava gubitak toplote. Trakcioni \u0111on sa robusnom \u0161arom omogu\u0107ava pouzdano prianjanje na zavejanim i neravnim terenima. Neka mali avanturisti ostanu ugrijani i sigurni dok istra\u017euju zimske predjele u adidas TERREX TRAILMAKER HIGH COLD.READY patikama. Specifikacija: <\/p>\n<li> Dje\u010dije uniseks patike za planinarenje <\/li>\n<li> Duboki profil <\/li>\n<li> Pertlanje <\/li>\n<li> Gornji\u0161te: tekstil, vodoodbojni zavr\u0161ni sloj <\/li>\n<li> PrimaLoft\u00ae izolacija <\/li>\n<li> COLD.READY tehnologija <\/li>\n<li> GORE-TEX vodootporna postava <\/li>\n<li> Oblikovani ulo\u017eak <\/li>\n<li> Traxion gumeni \u0111on <!--googleon: all--> <\/li>","protected":false},"excerpt":{"rendered":"<p>adidas TERREX TRAILMAKER HIGH COLD.READY su uniseks dje\u010dije patike za planinarenje u kojima \u0107e zimske \u010darolije biti pravo u\u017eivanje. Podstaknite mali\u0161ane da istra\u017euju svijet na otvorenom i poka\u017eu svoju avanturisti\u010dku stranu. Dizajnirane za zimske uslove, ove duboke patike imaju GORE-TEX membranu koja je vodootporna i visoko prozra\u010dna, kako bi dje\u010dija stopala ostala suva. Kombinacija su [&hellip;]<\/p>","protected":false},"featured_media":28375,"template":"","meta":{"jetpack_post_was_ever_published":false},"product_brand":[111],"product_cat":[72],"product_tag":[],"class_list":{"0":"post-28378","1":"product","2":"type-product","3":"status-publish","4":"has-post-thumbnail","6":"product_brand-sport_reality","7":"product_cat-djecije-gleznjace","9":"first","10":"instock","11":"shipping-taxable","12":"product-type-external"},"jetpack-related-posts":[],"jetpack_sharing_enabled":true,"_links":{"self":[{"href":"https:\/\/cipele.ba\/en\/wp-json\/wp\/v2\/product\/28378","targetHints":{"allow":["GET"]}}],"collection":[{"href":"https:\/\/cipele.ba\/en\/wp-json\/wp\/v2\/product"}],"about":[{"href":"https:\/\/cipele.ba\/en\/wp-json\/wp\/v2\/types\/product"}],"wp:featuredmedia":[{"embeddable":true,"href":"https:\/\/cipele.ba\/en\/wp-json\/wp\/v2\/media\/28375"}],"wp:attachment":[{"href":"https:\/\/cipele.ba\/en\/wp-json\/wp\/v2\/media?parent=28378"}],"wp:term":[{"taxonomy":"product_brand","embeddable":true,"href":"https:\/\/cipele.ba\/en\/wp-json\/wp\/v2\/product_brand?post=28378"},{"taxonomy":"product_cat","embeddable":true,"href":"https:\/\/cipele.ba\/en\/wp-json\/wp\/v2\/product_cat?post=28378"},{"taxonomy":"product_tag","embeddable":true,"href":"https:\/\/cipele.ba\/en\/wp-json\/wp\/v2\/product_tag?post=28378"}],"curies":[{"name":"wp","href":"https:\/\/api.w.org\/{rel}","templated":true}]}}