{"id":28385,"date":"2025-11-05T21:28:33","date_gmt":"2025-11-05T21:28:33","guid":{"rendered":"https:\/\/cipele.ba\/shop\/uncategorized\/adidas-terrex-winter-mid-boa\/"},"modified":"2026-04-21T18:50:35","modified_gmt":"2026-04-21T18:50:35","slug":"adidas-terrex-winter-mid-boa","status":"publish","type":"product","link":"https:\/\/cipele.ba\/en\/shop\/djeca\/djecije-gleznjace\/adidas-terrex-winter-mid-boa\/","title":{"rendered":"adidas TERREX WINTER MID BOA"},"content":{"rendered":"<p><!--googleoff: all--> <\/p>\n<p> adidas TERREX WINTER MID BOA su dje\u010dije uniseks patike za planinarenje koje \u0107e vam obezbjediti toplinu i suv osje\u0107aj. Radujte se zimi. Ove dje\u010dije patike za planinarenje vam pru\u017eaju toplinu i dobro prianjanje u svim uslovima kako biste mogli da istra\u017eujete zale\u0111ene terene.<\/p>\n<p>Vodootporna i prozra\u010dna gra\u0111a \u0161titi vas od vlage, dok istovremeno dopu\u0161ta va\u0161im stopalima da di\u0161u. Polu-dubok profil upotpunjen je mikro-podesivim Boa\u00ae Fit System za precizno pode\u0161avanje i pripijen, potporan osje\u0107aj. Specifikacija: <\/p>\n<li> Dje\u010dije patike za planinarenje <\/li>\n<li> Polu-dubok profil <\/li>\n<li> BOA sistem pertlanja za mikro-pode\u0161avanje <\/li>\n<li> Tekstilno gornji\u0161te; Climaproof zatvoreni \u0161avovi; Climawarm za regulaciju vlage <\/li>\n<li> Continental gumeni \u0111on za izvanredno prianjanje i u vla\u017enim uslovima <\/li>\n<li> OrthoLite\u00ae ulo\u017eak <!--googleon: all--> <\/li>","protected":false},"excerpt":{"rendered":"<p>adidas TERREX WINTER MID BOA su dje\u010dije uniseks patike za planinarenje koje \u0107e vam obezbjediti toplinu i suv osje\u0107aj. Radujte se zimi. Ove dje\u010dije patike za planinarenje vam pru\u017eaju toplinu i dobro prianjanje u svim uslovima kako biste mogli da istra\u017eujete zale\u0111ene terene. Vodootporna i prozra\u010dna gra\u0111a \u0161titi vas od vlage, dok istovremeno dopu\u0161ta va\u0161im [&hellip;]<\/p>","protected":false},"featured_media":28382,"template":"","meta":{"jetpack_post_was_ever_published":false},"product_brand":[111],"product_cat":[72],"product_tag":[],"class_list":{"0":"post-28385","1":"product","2":"type-product","3":"status-publish","4":"has-post-thumbnail","6":"product_brand-sport_reality","7":"product_cat-djecije-gleznjace","9":"first","10":"instock","11":"shipping-taxable","12":"product-type-external"},"jetpack-related-posts":[],"jetpack_sharing_enabled":true,"_links":{"self":[{"href":"https:\/\/cipele.ba\/en\/wp-json\/wp\/v2\/product\/28385","targetHints":{"allow":["GET"]}}],"collection":[{"href":"https:\/\/cipele.ba\/en\/wp-json\/wp\/v2\/product"}],"about":[{"href":"https:\/\/cipele.ba\/en\/wp-json\/wp\/v2\/types\/product"}],"wp:featuredmedia":[{"embeddable":true,"href":"https:\/\/cipele.ba\/en\/wp-json\/wp\/v2\/media\/28382"}],"wp:attachment":[{"href":"https:\/\/cipele.ba\/en\/wp-json\/wp\/v2\/media?parent=28385"}],"wp:term":[{"taxonomy":"product_brand","embeddable":true,"href":"https:\/\/cipele.ba\/en\/wp-json\/wp\/v2\/product_brand?post=28385"},{"taxonomy":"product_cat","embeddable":true,"href":"https:\/\/cipele.ba\/en\/wp-json\/wp\/v2\/product_cat?post=28385"},{"taxonomy":"product_tag","embeddable":true,"href":"https:\/\/cipele.ba\/en\/wp-json\/wp\/v2\/product_tag?post=28385"}],"curies":[{"name":"wp","href":"https:\/\/api.w.org\/{rel}","templated":true}]}}