{"id":28408,"date":"2025-11-05T21:28:49","date_gmt":"2025-11-05T21:28:49","guid":{"rendered":"https:\/\/cipele.ba\/shop\/uncategorized\/skechers-rugged-ranger-stor-2\/"},"modified":"2026-04-19T03:09:10","modified_gmt":"2026-04-19T03:09:10","slug":"skechers-rugged-ranger-stor-2","status":"publish","type":"product","link":"https:\/\/cipele.ba\/en\/shop\/djeca\/djecije-gleznjace\/skechers-rugged-ranger-stor-2\/","title":{"rendered":"Skechers Rugged Ranger &#8211; Stor"},"content":{"rendered":"<p><!--googleoff: all--> <\/p>\n<p>Skechers Rugged Ranger &#8211; Dje\u010dije patike kombinuju izdr\u017eljivost i udobnost sa sportskim dizajnom, savr\u0161ene za avanture na otvorenom i svakodnevnu igru.<\/p>\n<\/p>\n<p> <b> Detalji <\/b> <\/p>\n<li> Dje\u010dije patike dizajnirane za sve terene<\/li>\n<li>Izdr\u017eljiv sinteti\u010dki i mre\u017easti gornji dio za prozra\u010dnost i podr\u0161ku<\/li>\n<li>\u010ci\u010dak traka i elasti\u010dne pertle za lako obuvanje i izuvanje<\/li>\n<li>Srednji \u0111on koji apsorbuje udarce za udobnost<\/li>\n<li>Gumeni \u0111on sa visokim prianjanjem za odli\u010dnu stabilnost<\/li>\n<li>Postavljeni okovratnik i jezik za dodatnu podr\u0161ku zglobu<\/li>\n<li>Petlja na peti za brzo obuvanje <!--googleon: all--> <\/li>","protected":false},"excerpt":{"rendered":"<p>Skechers Rugged Ranger &#8211; Dje\u010dije patike kombinuju izdr\u017eljivost i udobnost sa sportskim dizajnom, savr\u0161ene za avanture na otvorenom i svakodnevnu igru. Detalji Dje\u010dije patike dizajnirane za sve terene Izdr\u017eljiv sinteti\u010dki i mre\u017easti gornji dio za prozra\u010dnost i podr\u0161ku \u010ci\u010dak traka i elasti\u010dne pertle za lako obuvanje i izuvanje Srednji \u0111on koji apsorbuje udarce za udobnost [&hellip;]<\/p>","protected":false},"featured_media":28405,"template":"","meta":{"jetpack_post_was_ever_published":false},"product_brand":[111],"product_cat":[72],"product_tag":[],"class_list":{"0":"post-28408","1":"product","2":"type-product","3":"status-publish","4":"has-post-thumbnail","6":"product_brand-sport_reality","7":"product_cat-djecije-gleznjace","9":"first","10":"instock","11":"sale","12":"shipping-taxable","13":"product-type-external"},"jetpack-related-posts":[],"jetpack_sharing_enabled":true,"_links":{"self":[{"href":"https:\/\/cipele.ba\/en\/wp-json\/wp\/v2\/product\/28408","targetHints":{"allow":["GET"]}}],"collection":[{"href":"https:\/\/cipele.ba\/en\/wp-json\/wp\/v2\/product"}],"about":[{"href":"https:\/\/cipele.ba\/en\/wp-json\/wp\/v2\/types\/product"}],"wp:featuredmedia":[{"embeddable":true,"href":"https:\/\/cipele.ba\/en\/wp-json\/wp\/v2\/media\/28405"}],"wp:attachment":[{"href":"https:\/\/cipele.ba\/en\/wp-json\/wp\/v2\/media?parent=28408"}],"wp:term":[{"taxonomy":"product_brand","embeddable":true,"href":"https:\/\/cipele.ba\/en\/wp-json\/wp\/v2\/product_brand?post=28408"},{"taxonomy":"product_cat","embeddable":true,"href":"https:\/\/cipele.ba\/en\/wp-json\/wp\/v2\/product_cat?post=28408"},{"taxonomy":"product_tag","embeddable":true,"href":"https:\/\/cipele.ba\/en\/wp-json\/wp\/v2\/product_tag?post=28408"}],"curies":[{"name":"wp","href":"https:\/\/api.w.org\/{rel}","templated":true}]}}