{"id":28458,"date":"2025-11-05T21:29:22","date_gmt":"2025-11-05T21:29:22","guid":{"rendered":"https:\/\/cipele.ba\/shop\/uncategorized\/skechers-twisted-brights-2\/"},"modified":"2026-04-19T18:56:12","modified_gmt":"2026-04-19T18:56:12","slug":"skechers-twisted-brights-2","status":"publish","type":"product","link":"https:\/\/cipele.ba\/en\/shop\/djeca\/djecije-gleznjace\/skechers-twisted-brights-2\/","title":{"rendered":"Skechers Twisted-Brights"},"content":{"rendered":"<p><!--googleoff: all--> <\/p>\n<p> Omogu\u0107ite va\u0161em mali\u0161anu da u\u017eiva u potpunoj udobnosti sa SKECHERS Twisted-Brights \u010dizmama. <\/p>\n<p> Mre\u017easta tkanina u gornji\u0161tu je veoma fleksibilna i udobna zahvaljuju\u0107i njenoj specijalno razvijenoj strukturi. Ovo gornji\u0161te, koje je i vodoodbojno, \u0161titi njihova malena stopala od promjenljivih vremenskih uslova i od udara zahvaljuju\u0107i sinteti\u010dkim panelima. \u010cizmice imaju elasti\u010dne pertle i \u010di\u010dak traku za jednostavno obuvanje i izuvanje. Meka i veoma udobna postava obezbje\u0111uje im udobnost sa svakim korakom. Fleksibilna guma u \u0111onu obezbje\u0111uje savr\u0161eno prianjanje, odr\u017eavaju\u0107i balans \u010dak i na klizavim povr\u0161inama i pru\u017eaju\u0107i mali\u0161anima samopouzdanje. Ove SKECHERS Twisted-Brights \u010dizmice za dje\u010dake \u0107e postati njihove omiljene od prvog no\u0161enja. <\/p>\n<p> Specifikacija: <\/p>\n<li> Dje\u010dije zimske \u010dizme <\/li>\n<li> Svijetle\u0107i \u0111on <\/li>\n<li> Elasti\u010dne pertle i \u010di\u010dak traka <\/li>\n<li> Mre\u017easto i sinteti\u010dko gornji\u0161te <\/li>\n<li> Prekida\u010d za isklju\u010divanje lampica u \u0111onu <\/li>\n<li> Fleksibilni gumeni \u0111on <!--googleon: all--> <\/li>","protected":false},"excerpt":{"rendered":"<p>Omogu\u0107ite va\u0161em mali\u0161anu da u\u017eiva u potpunoj udobnosti sa SKECHERS Twisted-Brights \u010dizmama. Mre\u017easta tkanina u gornji\u0161tu je veoma fleksibilna i udobna zahvaljuju\u0107i njenoj specijalno razvijenoj strukturi. Ovo gornji\u0161te, koje je i vodoodbojno, \u0161titi njihova malena stopala od promjenljivih vremenskih uslova i od udara zahvaljuju\u0107i sinteti\u010dkim panelima. \u010cizmice imaju elasti\u010dne pertle i \u010di\u010dak traku za jednostavno [&hellip;]<\/p>","protected":false},"featured_media":28455,"template":"","meta":{"jetpack_post_was_ever_published":false},"product_brand":[111],"product_cat":[72],"product_tag":[],"class_list":{"0":"post-28458","1":"product","2":"type-product","3":"status-publish","4":"has-post-thumbnail","6":"product_brand-sport_reality","7":"product_cat-djecije-gleznjace","9":"first","10":"instock","11":"shipping-taxable","12":"product-type-external"},"jetpack-related-posts":[],"jetpack_sharing_enabled":true,"_links":{"self":[{"href":"https:\/\/cipele.ba\/en\/wp-json\/wp\/v2\/product\/28458","targetHints":{"allow":["GET"]}}],"collection":[{"href":"https:\/\/cipele.ba\/en\/wp-json\/wp\/v2\/product"}],"about":[{"href":"https:\/\/cipele.ba\/en\/wp-json\/wp\/v2\/types\/product"}],"wp:featuredmedia":[{"embeddable":true,"href":"https:\/\/cipele.ba\/en\/wp-json\/wp\/v2\/media\/28455"}],"wp:attachment":[{"href":"https:\/\/cipele.ba\/en\/wp-json\/wp\/v2\/media?parent=28458"}],"wp:term":[{"taxonomy":"product_brand","embeddable":true,"href":"https:\/\/cipele.ba\/en\/wp-json\/wp\/v2\/product_brand?post=28458"},{"taxonomy":"product_cat","embeddable":true,"href":"https:\/\/cipele.ba\/en\/wp-json\/wp\/v2\/product_cat?post=28458"},{"taxonomy":"product_tag","embeddable":true,"href":"https:\/\/cipele.ba\/en\/wp-json\/wp\/v2\/product_tag?post=28458"}],"curies":[{"name":"wp","href":"https:\/\/api.w.org\/{rel}","templated":true}]}}