{"id":28462,"date":"2025-11-05T21:29:25","date_gmt":"2025-11-05T21:29:25","guid":{"rendered":"https:\/\/cipele.ba\/shop\/uncategorized\/skechers-tech-grip-2\/"},"modified":"2026-04-19T18:37:58","modified_gmt":"2026-04-19T18:37:58","slug":"skechers-tech-grip-2","status":"publish","type":"product","link":"https:\/\/cipele.ba\/en\/shop\/djeca\/djecije-gleznjace\/skechers-tech-grip-2\/","title":{"rendered":"Skechers Tech-Grip"},"content":{"rendered":"<p><!--googleoff: all--> <\/p>\n<p> Opremaj se u stilu sa Skechers Tech-Grip dje\u010dijim patikama za vanjske aktivnosti. <\/p>\n<\/p>\n<p> <b> Detalji <\/b> <\/p>\n<li> Poluduboki profil <\/li>\n<li> Elasti\u010dne pertle i traka <\/li>\n<li> Vodootporne <\/li>\n<li> Zape\u010da\u0107eni \u0161avovi <\/li>\n<li> Mre\u017easti i sinteti\u010dki gornji dio <\/li>\n<li> Tehni\u010dka srednji \u0111on <\/li>\n<li> Udoban ulo\u017eak <\/li>\n<li> Fleksibilni gumeni \u0111on <!--googleon: all--> <\/li>","protected":false},"excerpt":{"rendered":"<p>Opremaj se u stilu sa Skechers Tech-Grip dje\u010dijim patikama za vanjske aktivnosti. Detalji Poluduboki profil Elasti\u010dne pertle i traka Vodootporne Zape\u010da\u0107eni \u0161avovi Mre\u017easti i sinteti\u010dki gornji dio Tehni\u010dka srednji \u0111on Udoban ulo\u017eak Fleksibilni gumeni \u0111on<\/p>","protected":false},"featured_media":28459,"template":"","meta":{"jetpack_post_was_ever_published":false},"product_brand":[111],"product_cat":[72],"product_tag":[],"class_list":{"0":"post-28462","1":"product","2":"type-product","3":"status-publish","4":"has-post-thumbnail","6":"product_brand-sport_reality","7":"product_cat-djecije-gleznjace","9":"first","10":"instock","11":"shipping-taxable","12":"product-type-external"},"jetpack-related-posts":[],"jetpack_sharing_enabled":true,"_links":{"self":[{"href":"https:\/\/cipele.ba\/en\/wp-json\/wp\/v2\/product\/28462","targetHints":{"allow":["GET"]}}],"collection":[{"href":"https:\/\/cipele.ba\/en\/wp-json\/wp\/v2\/product"}],"about":[{"href":"https:\/\/cipele.ba\/en\/wp-json\/wp\/v2\/types\/product"}],"wp:featuredmedia":[{"embeddable":true,"href":"https:\/\/cipele.ba\/en\/wp-json\/wp\/v2\/media\/28459"}],"wp:attachment":[{"href":"https:\/\/cipele.ba\/en\/wp-json\/wp\/v2\/media?parent=28462"}],"wp:term":[{"taxonomy":"product_brand","embeddable":true,"href":"https:\/\/cipele.ba\/en\/wp-json\/wp\/v2\/product_brand?post=28462"},{"taxonomy":"product_cat","embeddable":true,"href":"https:\/\/cipele.ba\/en\/wp-json\/wp\/v2\/product_cat?post=28462"},{"taxonomy":"product_tag","embeddable":true,"href":"https:\/\/cipele.ba\/en\/wp-json\/wp\/v2\/product_tag?post=28462"}],"curies":[{"name":"wp","href":"https:\/\/api.w.org\/{rel}","templated":true}]}}