{"id":28481,"date":"2025-11-05T21:29:37","date_gmt":"2025-11-05T21:29:37","guid":{"rendered":"https:\/\/cipele.ba\/shop\/uncategorized\/kander-norin-5\/"},"modified":"2026-04-21T20:23:10","modified_gmt":"2026-04-21T20:23:10","slug":"kander-norin-5","status":"publish","type":"product","link":"https:\/\/cipele.ba\/en\/shop\/djeca\/djecije-gleznjace\/kander-norin-5\/","title":{"rendered":"Kander Norin"},"content":{"rendered":"<p><!--googleoff: all--> <\/p>\n<p> Dizajnirane za sve avanture na otvorenom, KANDER NORIN dje\u010dije outdoor \u010dizme za mla\u0111e djevoj\u010dice nude izolaciju tokom zimskih uslova, tako da djeca mogu ostati aktivna, bez obzira na vremenske uslove. Ove \u010dizmice ne\u0107e dozvoliti da lo\u0161e vrijeme pokvari planove va\u0161ih mezimica. <\/p>\n<p> Podesivi kai\u0161 preko pertli obezbje\u0111uje prianjanje i dodaje na udobnosti. Napravljene ve\u0107im dijelom od poliuretana, otporne su na vodu, tako da \u0107e mala stopala ostati suva i po vla\u017enom vremenu. Jezi\u010dak na peti omogu\u0107ava lak\u0161e obuvanje i izuvanje. Gumeni \u0111on pru\u017ea odli\u010dno prianjanje na sve podloge, \u0161to garantuje siguran korak. Specifikacija: <\/p>\n<li>Dje\u010dije outdoor \u010dizme za mla\u0111e djevoj\u010dice<\/li>\n<li> Dubok profil <\/li>\n<li> Pertlanje sa \u010di\u010dak trakom <\/li>\n<li>Sastav: 70% poliuretan i 30% tekstil<\/li>\n<li> Vodootporne<\/li>\n<li>Gumeni \u0111on <!--googleon: all--> <\/li>","protected":false},"excerpt":{"rendered":"<p>Dizajnirane za sve avanture na otvorenom, KANDER NORIN dje\u010dije outdoor \u010dizme za mla\u0111e djevoj\u010dice nude izolaciju tokom zimskih uslova, tako da djeca mogu ostati aktivna, bez obzira na vremenske uslove. Ove \u010dizmice ne\u0107e dozvoliti da lo\u0161e vrijeme pokvari planove va\u0161ih mezimica. Podesivi kai\u0161 preko pertli obezbje\u0111uje prianjanje i dodaje na udobnosti. Napravljene ve\u0107im dijelom od [&hellip;]<\/p>","protected":false},"featured_media":28478,"template":"","meta":{"jetpack_post_was_ever_published":false},"product_brand":[111],"product_cat":[72],"product_tag":[],"class_list":{"0":"post-28481","1":"product","2":"type-product","3":"status-publish","4":"has-post-thumbnail","6":"product_brand-sport_reality","7":"product_cat-djecije-gleznjace","9":"first","10":"instock","11":"shipping-taxable","12":"product-type-external"},"jetpack-related-posts":[],"jetpack_sharing_enabled":true,"_links":{"self":[{"href":"https:\/\/cipele.ba\/en\/wp-json\/wp\/v2\/product\/28481","targetHints":{"allow":["GET"]}}],"collection":[{"href":"https:\/\/cipele.ba\/en\/wp-json\/wp\/v2\/product"}],"about":[{"href":"https:\/\/cipele.ba\/en\/wp-json\/wp\/v2\/types\/product"}],"wp:featuredmedia":[{"embeddable":true,"href":"https:\/\/cipele.ba\/en\/wp-json\/wp\/v2\/media\/28478"}],"wp:attachment":[{"href":"https:\/\/cipele.ba\/en\/wp-json\/wp\/v2\/media?parent=28481"}],"wp:term":[{"taxonomy":"product_brand","embeddable":true,"href":"https:\/\/cipele.ba\/en\/wp-json\/wp\/v2\/product_brand?post=28481"},{"taxonomy":"product_cat","embeddable":true,"href":"https:\/\/cipele.ba\/en\/wp-json\/wp\/v2\/product_cat?post=28481"},{"taxonomy":"product_tag","embeddable":true,"href":"https:\/\/cipele.ba\/en\/wp-json\/wp\/v2\/product_tag?post=28481"}],"curies":[{"name":"wp","href":"https:\/\/api.w.org\/{rel}","templated":true}]}}