{"id":28482,"date":"2025-11-05T21:29:37","date_gmt":"2025-11-05T21:29:37","guid":{"rendered":"https:\/\/cipele.ba\/shop\/uncategorized\/kander-richie-3\/"},"modified":"2026-04-21T22:04:27","modified_gmt":"2026-04-21T22:04:27","slug":"kander-richie-3","status":"publish","type":"product","link":"https:\/\/cipele.ba\/en\/shop\/djeca\/djecije-gleznjace\/kander-richie-3\/","title":{"rendered":"Kander Richie"},"content":{"rendered":"<p><!--googleoff: all--> <\/p>\n<p>KANDER RICHIE dje\u010dije outdoor \u010dizme za bebe djevoj\u010dice nude toplinu tokom zimskih uslova. Ove \u010dizmice ne\u0107e dozvoliti da lo\u0161e vrijeme pokvari va\u0161e planove koje ste osmislili za va\u0161e mezimice. <\/p>\n<p> Podesivi kai\u0161 preko pertli donosi prianjanje i dodaje na udobnosti, a jezi\u010dak za petu olak\u0161ava obuvanje i izuvanje. Napravljene ve\u0107im dijelom od poliuretana sa toplom izolacijom, jednom re\u010dju idealne za hladne dane. Gumeni \u0111on pru\u017ea odli\u010dno prianjanje na sve podloge, \u0161to je posebno va\u017eno za va\u0161e bebe koje u\u010de da hodaju. Atraktivan dizajn i zanimljive boje u\u010dini\u0107e ih omiljenom obu\u0107om va\u0161ih mezimica. Specifikacija: <\/p>\n<li>Dje\u010dije outdoor \u010dizme za bebe <\/li>\n<li> Dubok profil <\/li>\n<li> Pertlanje sa \u010di\u010dak trakom <\/li>\n<li>Sastav: 75% poliuretan i 25% najlon<\/li>\n<li>Gumeni \u0111on <!--googleon: all--> <\/li>","protected":false},"excerpt":{"rendered":"<p>KANDER RICHIE dje\u010dije outdoor \u010dizme za bebe djevoj\u010dice nude toplinu tokom zimskih uslova. Ove \u010dizmice ne\u0107e dozvoliti da lo\u0161e vrijeme pokvari va\u0161e planove koje ste osmislili za va\u0161e mezimice. Podesivi kai\u0161 preko pertli donosi prianjanje i dodaje na udobnosti, a jezi\u010dak za petu olak\u0161ava obuvanje i izuvanje. Napravljene ve\u0107im dijelom od poliuretana sa toplom izolacijom, [&hellip;]<\/p>","protected":false},"featured_media":28479,"template":"","meta":{"jetpack_post_was_ever_published":false},"product_brand":[111],"product_cat":[72],"product_tag":[],"class_list":{"0":"post-28482","1":"product","2":"type-product","3":"status-publish","4":"has-post-thumbnail","6":"product_brand-sport_reality","7":"product_cat-djecije-gleznjace","9":"first","10":"instock","11":"sale","12":"shipping-taxable","13":"product-type-external"},"jetpack-related-posts":[],"jetpack_sharing_enabled":true,"_links":{"self":[{"href":"https:\/\/cipele.ba\/en\/wp-json\/wp\/v2\/product\/28482","targetHints":{"allow":["GET"]}}],"collection":[{"href":"https:\/\/cipele.ba\/en\/wp-json\/wp\/v2\/product"}],"about":[{"href":"https:\/\/cipele.ba\/en\/wp-json\/wp\/v2\/types\/product"}],"wp:featuredmedia":[{"embeddable":true,"href":"https:\/\/cipele.ba\/en\/wp-json\/wp\/v2\/media\/28479"}],"wp:attachment":[{"href":"https:\/\/cipele.ba\/en\/wp-json\/wp\/v2\/media?parent=28482"}],"wp:term":[{"taxonomy":"product_brand","embeddable":true,"href":"https:\/\/cipele.ba\/en\/wp-json\/wp\/v2\/product_brand?post=28482"},{"taxonomy":"product_cat","embeddable":true,"href":"https:\/\/cipele.ba\/en\/wp-json\/wp\/v2\/product_cat?post=28482"},{"taxonomy":"product_tag","embeddable":true,"href":"https:\/\/cipele.ba\/en\/wp-json\/wp\/v2\/product_tag?post=28482"}],"curies":[{"name":"wp","href":"https:\/\/api.w.org\/{rel}","templated":true}]}}