{"id":28491,"date":"2025-11-05T21:29:44","date_gmt":"2025-11-05T21:29:44","guid":{"rendered":"https:\/\/cipele.ba\/shop\/uncategorized\/skechers-mega-surge-2\/"},"modified":"2026-04-18T11:04:45","modified_gmt":"2026-04-18T11:04:45","slug":"skechers-mega-surge-2","status":"publish","type":"product","link":"https:\/\/cipele.ba\/en\/shop\/djeca\/djecije-gleznjace\/skechers-mega-surge-2\/","title":{"rendered":"Skechers MEGA-SURGE"},"content":{"rendered":"<p><!--googleoff: all--> <\/p>\n<p> Osvjetlite svoju zabavu u udobnim Skechers Mega Surge dje\u010dijim \u010dizmama za male dje\u010dake. <\/p>\n<p> Ove \u010dizme imaju mre\u017easto i sinteti\u010dko gornji\u0161te koje je prozra\u010dno i lako se odr\u017eava. Band\u017ei pertle olak\u0161avaju obuvanje i izuvanje malih, nemirnih stopala. Srednji \u0111on apsorbuje udarce i ima zanimljiv, svetlucavi dizajn. Fleksibilni gumeni \u0111on pru\u017ea odli\u010dno prianjanje. <\/p>\n<p> Specifikacija: <\/p>\n<li> Dubok profil <\/li>\n<li> Band\u017ei pertle <\/li>\n<li> Mre\u017easto i sinteti\u010dko gornji\u0161te <\/li>\n<li> Fleksibilni gumeni \u0111on <!--googleon: all--> <\/li>","protected":false},"excerpt":{"rendered":"<p>Osvjetlite svoju zabavu u udobnim Skechers Mega Surge dje\u010dijim \u010dizmama za male dje\u010dake. Ove \u010dizme imaju mre\u017easto i sinteti\u010dko gornji\u0161te koje je prozra\u010dno i lako se odr\u017eava. Band\u017ei pertle olak\u0161avaju obuvanje i izuvanje malih, nemirnih stopala. Srednji \u0111on apsorbuje udarce i ima zanimljiv, svetlucavi dizajn. Fleksibilni gumeni \u0111on pru\u017ea odli\u010dno prianjanje. Specifikacija: Dubok profil Band\u017ei [&hellip;]<\/p>","protected":false},"featured_media":28489,"template":"","meta":{"jetpack_post_was_ever_published":false},"product_brand":[111],"product_cat":[72],"product_tag":[],"class_list":{"0":"post-28491","1":"product","2":"type-product","3":"status-publish","4":"has-post-thumbnail","6":"product_brand-sport_reality","7":"product_cat-djecije-gleznjace","9":"first","10":"instock","11":"sale","12":"shipping-taxable","13":"product-type-external"},"jetpack-related-posts":[],"jetpack_sharing_enabled":true,"_links":{"self":[{"href":"https:\/\/cipele.ba\/en\/wp-json\/wp\/v2\/product\/28491","targetHints":{"allow":["GET"]}}],"collection":[{"href":"https:\/\/cipele.ba\/en\/wp-json\/wp\/v2\/product"}],"about":[{"href":"https:\/\/cipele.ba\/en\/wp-json\/wp\/v2\/types\/product"}],"wp:featuredmedia":[{"embeddable":true,"href":"https:\/\/cipele.ba\/en\/wp-json\/wp\/v2\/media\/28489"}],"wp:attachment":[{"href":"https:\/\/cipele.ba\/en\/wp-json\/wp\/v2\/media?parent=28491"}],"wp:term":[{"taxonomy":"product_brand","embeddable":true,"href":"https:\/\/cipele.ba\/en\/wp-json\/wp\/v2\/product_brand?post=28491"},{"taxonomy":"product_cat","embeddable":true,"href":"https:\/\/cipele.ba\/en\/wp-json\/wp\/v2\/product_cat?post=28491"},{"taxonomy":"product_tag","embeddable":true,"href":"https:\/\/cipele.ba\/en\/wp-json\/wp\/v2\/product_tag?post=28491"}],"curies":[{"name":"wp","href":"https:\/\/api.w.org\/{rel}","templated":true}]}}