{"id":28492,"date":"2025-11-05T21:29:44","date_gmt":"2025-11-05T21:29:44","guid":{"rendered":"https:\/\/cipele.ba\/shop\/uncategorized\/adidas-terrex-trailmaker-high-c-rdy-k\/"},"modified":"2026-04-18T17:52:28","modified_gmt":"2026-04-18T17:52:28","slug":"adidas-terrex-trailmaker-high-c-rdy-k","status":"publish","type":"product","link":"https:\/\/cipele.ba\/en\/shop\/djeca\/djecije-gleznjace\/adidas-terrex-trailmaker-high-c-rdy-k\/","title":{"rendered":"adidas TERREX TRAILMAKER HIGH C.RDY K"},"content":{"rendered":"<p><!--googleoff: all--> <\/p>\n<p>adidas Terrex Trailmaker High COLD.RDY su uniseks dje\u010dije patike za planinarenje koje \u0107e im dozvoliti da ih osje\u0107aj za avanturu vodi kroz dan.\u00a0 Bilo da su u gradu ili na stazi, ove patike uvek donose prednost zbog superiorne udobnosti.<\/p>\n<p>Osje\u0107aj udobnosti i obavijenosti kao kod patika za tr\u010danje donosi dodatnu motivaciju za \u0161etnju. Vodootporno i prozra\u010dno gornji\u0161te im dozvoljava da se fokusiraju na u\u017eivanje i do\u017eivljaje tokom pje\u0161a\u010denja. Naro\u010dito su pogodne za hladnije i vla\u017eno vrijeme. Neka va\u0161 mladi avanturista u\u017eiva u planinarenju u ovim patikama.\u00a0<\/p>\n<p>Specifikacija:\u00a0\u00a0<\/p>\n<ul>\n<li>Gore-Tex membrana\u00a0<\/li>\n<li>Tekstilno gornji\u0161te sa vodootpornom zavr\u0161nom obradom\u00a0<\/li>\n<li>PrimaLoft izolacija\u00a0<\/li>\n<li>Boja: multikolor<\/li>\n<\/ul>\n<p> <!--googleon: all--><\/p>","protected":false},"excerpt":{"rendered":"<p>adidas Terrex Trailmaker High COLD.RDY su uniseks dje\u010dije patike za planinarenje koje \u0107e im dozvoliti da ih osje\u0107aj za avanturu vodi kroz dan.\u00a0 Bilo da su u gradu ili na stazi, ove patike uvek donose prednost zbog superiorne udobnosti. Osje\u0107aj udobnosti i obavijenosti kao kod patika za tr\u010danje donosi dodatnu motivaciju za \u0161etnju. Vodootporno i [&hellip;]<\/p>","protected":false},"featured_media":28490,"template":"","meta":{"jetpack_post_was_ever_published":false},"product_brand":[111],"product_cat":[72],"product_tag":[],"class_list":{"0":"post-28492","1":"product","2":"type-product","3":"status-publish","4":"has-post-thumbnail","6":"product_brand-sport_reality","7":"product_cat-djecije-gleznjace","9":"first","10":"instock","11":"shipping-taxable","12":"product-type-external"},"jetpack-related-posts":[],"jetpack_sharing_enabled":true,"_links":{"self":[{"href":"https:\/\/cipele.ba\/en\/wp-json\/wp\/v2\/product\/28492","targetHints":{"allow":["GET"]}}],"collection":[{"href":"https:\/\/cipele.ba\/en\/wp-json\/wp\/v2\/product"}],"about":[{"href":"https:\/\/cipele.ba\/en\/wp-json\/wp\/v2\/types\/product"}],"wp:featuredmedia":[{"embeddable":true,"href":"https:\/\/cipele.ba\/en\/wp-json\/wp\/v2\/media\/28490"}],"wp:attachment":[{"href":"https:\/\/cipele.ba\/en\/wp-json\/wp\/v2\/media?parent=28492"}],"wp:term":[{"taxonomy":"product_brand","embeddable":true,"href":"https:\/\/cipele.ba\/en\/wp-json\/wp\/v2\/product_brand?post=28492"},{"taxonomy":"product_cat","embeddable":true,"href":"https:\/\/cipele.ba\/en\/wp-json\/wp\/v2\/product_cat?post=28492"},{"taxonomy":"product_tag","embeddable":true,"href":"https:\/\/cipele.ba\/en\/wp-json\/wp\/v2\/product_tag?post=28492"}],"curies":[{"name":"wp","href":"https:\/\/api.w.org\/{rel}","templated":true}]}}