{"id":28843,"date":"2025-11-05T21:54:43","date_gmt":"2025-11-05T21:54:43","guid":{"rendered":"https:\/\/cipele.ba\/shop\/uncategorized\/nike-court-borough-mid-2-2\/"},"modified":"2026-04-18T23:02:54","modified_gmt":"2026-04-18T23:02:54","slug":"nike-court-borough-mid-2-2","status":"publish","type":"product","link":"https:\/\/cipele.ba\/en\/shop\/djeca\/djecije-patike\/nike-court-borough-mid-2-2\/","title":{"rendered":"Nike Court Borough Mid 2"},"content":{"rendered":"<p><!--googleoff: all--> <\/p>\n<p>Nike Court Borough Mid 2 su dje\u010dije patike za mla\u0111u decu, moderne i udobne.<\/p>\n<p>Izgledajte poput va\u0161ih idola, pravih zvijezda sa terena, u ovim Nike patikama. Klasi\u010dni dizajn odlikuje se izdr\u017eljivom ko\u017eom lakom za odr\u017eavanje, za vrhunski izgled i osje\u0107aj. Elasti\u010dne pertle i \u010di\u010dak traka pru\u017eaju idealno pristajanje i omogu\u0107avaju lako obuvanje i izuvanje. \u017dljebovi u \u0111onu omogu\u0107avaju fleksibilnost i prirodnost pokreta, dok gumeni \u0111on pru\u017ea odli\u010dno i dugotrajno prianjanje. Tu je i utisnuta grafika &#8220;all-day play&#8221;. U\u017eiva\u0107ete u cjelodnevnom komforu i atraktivnom dizajnu ovih udobnih i funkcionalnih patika.<\/p>\n<p> Specifikacija: <\/p>\n<li> Dje\u010dije patike za mla\u0111u djecu<\/li>\n<li>Ko\u017eno gornji\u0161te <\/li>\n<li>Elasti\u010dne pertle i \u010di\u010dak traka<\/li>\n<li>Utisnuta grafika &#8220;all-day play&#8221;<\/li>\n<li>Fleksibilan gumeni \u0111on <!--googleon: all--> <\/li>","protected":false},"excerpt":{"rendered":"<p>Nike Court Borough Mid 2 su dje\u010dije patike za mla\u0111u decu, moderne i udobne. Izgledajte poput va\u0161ih idola, pravih zvijezda sa terena, u ovim Nike patikama. Klasi\u010dni dizajn odlikuje se izdr\u017eljivom ko\u017eom lakom za odr\u017eavanje, za vrhunski izgled i osje\u0107aj. Elasti\u010dne pertle i \u010di\u010dak traka pru\u017eaju idealno pristajanje i omogu\u0107avaju lako obuvanje i izuvanje. \u017dljebovi [&hellip;]<\/p>","protected":false},"featured_media":28840,"template":"","meta":{"jetpack_post_was_ever_published":false},"product_brand":[111],"product_cat":[59],"product_tag":[],"class_list":{"0":"post-28843","1":"product","2":"type-product","3":"status-publish","4":"has-post-thumbnail","6":"product_brand-sport_reality","7":"product_cat-djecije-patike","9":"first","10":"instock","11":"sale","12":"shipping-taxable","13":"product-type-external"},"jetpack-related-posts":[],"jetpack_sharing_enabled":true,"_links":{"self":[{"href":"https:\/\/cipele.ba\/en\/wp-json\/wp\/v2\/product\/28843","targetHints":{"allow":["GET"]}}],"collection":[{"href":"https:\/\/cipele.ba\/en\/wp-json\/wp\/v2\/product"}],"about":[{"href":"https:\/\/cipele.ba\/en\/wp-json\/wp\/v2\/types\/product"}],"wp:featuredmedia":[{"embeddable":true,"href":"https:\/\/cipele.ba\/en\/wp-json\/wp\/v2\/media\/28840"}],"wp:attachment":[{"href":"https:\/\/cipele.ba\/en\/wp-json\/wp\/v2\/media?parent=28843"}],"wp:term":[{"taxonomy":"product_brand","embeddable":true,"href":"https:\/\/cipele.ba\/en\/wp-json\/wp\/v2\/product_brand?post=28843"},{"taxonomy":"product_cat","embeddable":true,"href":"https:\/\/cipele.ba\/en\/wp-json\/wp\/v2\/product_cat?post=28843"},{"taxonomy":"product_tag","embeddable":true,"href":"https:\/\/cipele.ba\/en\/wp-json\/wp\/v2\/product_tag?post=28843"}],"curies":[{"name":"wp","href":"https:\/\/api.w.org\/{rel}","templated":true}]}}