{"id":28866,"date":"2025-11-05T21:55:01","date_gmt":"2025-11-05T21:55:01","guid":{"rendered":"https:\/\/cipele.ba\/shop\/uncategorized\/nike-court-borough-mid-2-3\/"},"modified":"2026-04-21T20:11:01","modified_gmt":"2026-04-21T20:11:01","slug":"nike-court-borough-mid-2-3","status":"publish","type":"product","link":"https:\/\/cipele.ba\/en\/shop\/djeca\/djecije-patike\/nike-court-borough-mid-2-3\/","title":{"rendered":"Nike Court Borough Mid 2"},"content":{"rendered":"<p><!--googleoff: all--> <\/p>\n<p>Nike Court Borough Mid 2 su de\u010dije patike za tinejd\u017eere, moderne i udobne.<\/p>\n<p>Izgledajte poput va\u0161ih idola, pravih zvezda sa terena u ovim Nike patikama. Klasi\u010dni dizajn odlikuje se izdr\u017eljivom ko\u017eom, lakom za odr\u017eavanje, za vrhunski izgled i ose\u0107aj. Klasi\u010dno pertlanje pru\u017ea sigurno prianjanje uz stopalo, dok postavljeni meki, jastu\u010dasti delovi oko jezika i \u010dlanka pru\u017eaju dodatnu udobnost. \u017dlebovi u \u0111onu omogu\u0107avaju fleksibilnost i prirodnost pokreta, dok gumeni \u0111on pru\u017ea odli\u010dno i dugotrajno prianjanje. U\u017eiva\u0107ete u celodnevnom komforu i atraktivnom dizajnu ovih udobnih i funkcionalnih patika.<\/p>\n<p> Specifikacija: <\/p>\n<li> De\u010dije patike za tinejd\u017eere<\/li>\n<li>Ko\u017eno gornji\u0161te <\/li>\n<li>Pertlanje<\/li>\n<li> Jastu\u010di\u0107i oko jezika i \u010dlanka<\/li>\n<li>Fleksibilan gumeni \u0111on <!--googleon: all--> <\/li>","protected":false},"excerpt":{"rendered":"<p>Nike Court Borough Mid 2 su de\u010dije patike za tinejd\u017eere, moderne i udobne. Izgledajte poput va\u0161ih idola, pravih zvezda sa terena u ovim Nike patikama. Klasi\u010dni dizajn odlikuje se izdr\u017eljivom ko\u017eom, lakom za odr\u017eavanje, za vrhunski izgled i ose\u0107aj. Klasi\u010dno pertlanje pru\u017ea sigurno prianjanje uz stopalo, dok postavljeni meki, jastu\u010dasti delovi oko jezika i \u010dlanka [&hellip;]<\/p>","protected":false},"featured_media":28863,"template":"","meta":{"jetpack_post_was_ever_published":false},"product_brand":[111],"product_cat":[59],"product_tag":[],"class_list":{"0":"post-28866","1":"product","2":"type-product","3":"status-publish","4":"has-post-thumbnail","6":"product_brand-sport_reality","7":"product_cat-djecije-patike","9":"first","10":"instock","11":"sale","12":"shipping-taxable","13":"product-type-external"},"jetpack-related-posts":[],"jetpack_sharing_enabled":true,"_links":{"self":[{"href":"https:\/\/cipele.ba\/en\/wp-json\/wp\/v2\/product\/28866","targetHints":{"allow":["GET"]}}],"collection":[{"href":"https:\/\/cipele.ba\/en\/wp-json\/wp\/v2\/product"}],"about":[{"href":"https:\/\/cipele.ba\/en\/wp-json\/wp\/v2\/types\/product"}],"wp:featuredmedia":[{"embeddable":true,"href":"https:\/\/cipele.ba\/en\/wp-json\/wp\/v2\/media\/28863"}],"wp:attachment":[{"href":"https:\/\/cipele.ba\/en\/wp-json\/wp\/v2\/media?parent=28866"}],"wp:term":[{"taxonomy":"product_brand","embeddable":true,"href":"https:\/\/cipele.ba\/en\/wp-json\/wp\/v2\/product_brand?post=28866"},{"taxonomy":"product_cat","embeddable":true,"href":"https:\/\/cipele.ba\/en\/wp-json\/wp\/v2\/product_cat?post=28866"},{"taxonomy":"product_tag","embeddable":true,"href":"https:\/\/cipele.ba\/en\/wp-json\/wp\/v2\/product_tag?post=28866"}],"curies":[{"name":"wp","href":"https:\/\/api.w.org\/{rel}","templated":true}]}}