{"id":28867,"date":"2025-11-05T21:55:02","date_gmt":"2025-11-05T21:55:02","guid":{"rendered":"https:\/\/cipele.ba\/shop\/uncategorized\/nike-team-hustle\/"},"modified":"2026-04-22T00:06:59","modified_gmt":"2026-04-22T00:06:59","slug":"nike-team-hustle","status":"publish","type":"product","link":"https:\/\/cipele.ba\/en\/shop\/djeca\/djecije-patike\/nike-team-hustle\/","title":{"rendered":"Nike Team Hustle"},"content":{"rendered":"<p><!--googleoff: all--> <\/p>\n<p> Pripremite male \u0161ampione za igru uz Nike Team Hustle patike \u2013 gdje se udobnost spaja sa neiscrpnom energijom igrali\u0161ta. <\/p>\n<\/p>\n<p> <b> Detalji <\/b> <\/p>\n<li> Elasti\u010dne pertle i \u010di\u010dak-traka obezbje\u0111uju sigurno i udobno pristajanje tokom igre <\/li>\n<li> Mekana pjena u \u0111onu i izdr\u017eljiv gumeni spolja\u0161nji \u0111on pru\u017eaju udobnost i pouzdano prianjanje za igru na otvorenim terenima <\/li>\n<li> Prozra\u010dno mre\u017easto gornji\u0161te sprije\u010dava pregrijavanje stopala <!--googleon: all--> <\/li>","protected":false},"excerpt":{"rendered":"<p>Pripremite male \u0161ampione za igru uz Nike Team Hustle patike \u2013 gdje se udobnost spaja sa neiscrpnom energijom igrali\u0161ta. Detalji Elasti\u010dne pertle i \u010di\u010dak-traka obezbje\u0111uju sigurno i udobno pristajanje tokom igre Mekana pjena u \u0111onu i izdr\u017eljiv gumeni spolja\u0161nji \u0111on pru\u017eaju udobnost i pouzdano prianjanje za igru na otvorenim terenima Prozra\u010dno mre\u017easto gornji\u0161te sprije\u010dava pregrijavanje [&hellip;]<\/p>","protected":false},"featured_media":28864,"template":"","meta":{"jetpack_post_was_ever_published":false},"product_brand":[111],"product_cat":[59],"product_tag":[],"class_list":{"0":"post-28867","1":"product","2":"type-product","3":"status-publish","4":"has-post-thumbnail","6":"product_brand-sport_reality","7":"product_cat-djecije-patike","9":"first","10":"instock","11":"sale","12":"shipping-taxable","13":"product-type-external"},"jetpack-related-posts":[],"jetpack_sharing_enabled":true,"_links":{"self":[{"href":"https:\/\/cipele.ba\/en\/wp-json\/wp\/v2\/product\/28867","targetHints":{"allow":["GET"]}}],"collection":[{"href":"https:\/\/cipele.ba\/en\/wp-json\/wp\/v2\/product"}],"about":[{"href":"https:\/\/cipele.ba\/en\/wp-json\/wp\/v2\/types\/product"}],"wp:featuredmedia":[{"embeddable":true,"href":"https:\/\/cipele.ba\/en\/wp-json\/wp\/v2\/media\/28864"}],"wp:attachment":[{"href":"https:\/\/cipele.ba\/en\/wp-json\/wp\/v2\/media?parent=28867"}],"wp:term":[{"taxonomy":"product_brand","embeddable":true,"href":"https:\/\/cipele.ba\/en\/wp-json\/wp\/v2\/product_brand?post=28867"},{"taxonomy":"product_cat","embeddable":true,"href":"https:\/\/cipele.ba\/en\/wp-json\/wp\/v2\/product_cat?post=28867"},{"taxonomy":"product_tag","embeddable":true,"href":"https:\/\/cipele.ba\/en\/wp-json\/wp\/v2\/product_tag?post=28867"}],"curies":[{"name":"wp","href":"https:\/\/api.w.org\/{rel}","templated":true}]}}