{"id":28874,"date":"2025-11-05T21:55:07","date_gmt":"2025-11-05T21:55:07","guid":{"rendered":"https:\/\/cipele.ba\/shop\/uncategorized\/nike-jr-superfly-10-club-ic\/"},"modified":"2026-04-22T05:14:34","modified_gmt":"2026-04-22T05:14:34","slug":"nike-jr-superfly-10-club-ic","status":"publish","type":"product","link":"https:\/\/cipele.ba\/en\/shop\/djeca\/djecije-patike\/nike-jr-superfly-10-club-ic\/","title":{"rendered":"Nike JR SUPERFLY 10 CLUB IC"},"content":{"rendered":"<p><!--googleoff: all--> <\/p>\n<p>Bilo da tek po\u010dinje\u0161 ili igra\u0161 iz zabave, Nike Club dje\u010dije patike za fudbal ti omogu\u0107avaju da iza\u0111e\u0161 na teren bez kompromisa po pitanju kvaliteta.<br \/>Nike Jr. Superfly 10 pomo\u0107i \u0107e ti da poka\u017ee\u0161 brzinu i po\u0161alje\u0161 loptu pravo u mre\u017eu. Sinteti\u010dka ko\u017ea na gornji\u0161tu pru\u017ea dodatno prianjanje dok vodi\u0161 loptu velikom brzinom. Vrijeme je za poletanje!<br \/>Detalji:<\/p>\n<li> Klasi\u010dno vezivanje<\/li>\n<li> Pogodne za igru na ulici, terenu i u zatvorenim prostorima<\/li>\n<li> Ulo\u017eak sa jastu\u010di\u0107ima za dodatnu udobnost <!--googleon: all--> <\/li>","protected":false},"excerpt":{"rendered":"<p>Bilo da tek po\u010dinje\u0161 ili igra\u0161 iz zabave, Nike Club dje\u010dije patike za fudbal ti omogu\u0107avaju da iza\u0111e\u0161 na teren bez kompromisa po pitanju kvaliteta.Nike Jr. Superfly 10 pomo\u0107i \u0107e ti da poka\u017ee\u0161 brzinu i po\u0161alje\u0161 loptu pravo u mre\u017eu. Sinteti\u010dka ko\u017ea na gornji\u0161tu pru\u017ea dodatno prianjanje dok vodi\u0161 loptu velikom brzinom. Vrijeme je za [&hellip;]<\/p>","protected":false},"featured_media":28871,"template":"","meta":{"jetpack_post_was_ever_published":false},"product_brand":[111],"product_cat":[59],"product_tag":[],"class_list":{"0":"post-28874","1":"product","2":"type-product","3":"status-publish","4":"has-post-thumbnail","6":"product_brand-sport_reality","7":"product_cat-djecije-patike","9":"first","10":"instock","11":"sale","12":"shipping-taxable","13":"product-type-external"},"jetpack-related-posts":[],"jetpack_sharing_enabled":true,"_links":{"self":[{"href":"https:\/\/cipele.ba\/en\/wp-json\/wp\/v2\/product\/28874","targetHints":{"allow":["GET"]}}],"collection":[{"href":"https:\/\/cipele.ba\/en\/wp-json\/wp\/v2\/product"}],"about":[{"href":"https:\/\/cipele.ba\/en\/wp-json\/wp\/v2\/types\/product"}],"wp:featuredmedia":[{"embeddable":true,"href":"https:\/\/cipele.ba\/en\/wp-json\/wp\/v2\/media\/28871"}],"wp:attachment":[{"href":"https:\/\/cipele.ba\/en\/wp-json\/wp\/v2\/media?parent=28874"}],"wp:term":[{"taxonomy":"product_brand","embeddable":true,"href":"https:\/\/cipele.ba\/en\/wp-json\/wp\/v2\/product_brand?post=28874"},{"taxonomy":"product_cat","embeddable":true,"href":"https:\/\/cipele.ba\/en\/wp-json\/wp\/v2\/product_cat?post=28874"},{"taxonomy":"product_tag","embeddable":true,"href":"https:\/\/cipele.ba\/en\/wp-json\/wp\/v2\/product_tag?post=28874"}],"curies":[{"name":"wp","href":"https:\/\/api.w.org\/{rel}","templated":true}]}}