{"id":28884,"date":"2025-11-05T21:55:14","date_gmt":"2025-11-05T21:55:14","guid":{"rendered":"https:\/\/cipele.ba\/shop\/uncategorized\/nike-jr-vapor-16-club-ic\/"},"modified":"2026-04-22T01:44:58","modified_gmt":"2026-04-22T01:44:58","slug":"nike-jr-vapor-16-club-ic","status":"publish","type":"product","link":"https:\/\/cipele.ba\/en\/shop\/djeca\/djecije-patike\/nike-jr-vapor-16-club-ic\/","title":{"rendered":"Nike JR VAPOR 16 CLUB IC"},"content":{"rendered":"<p><!--googleoff: all--> <\/p>\n<p> Bilo da ste po\u010detnik ili samo igrate radi zabave, Nike Vapor 16 Club IC patike vas donose na teren bez kompromisa po pitanju kvaliteta. Model Nike Jr. Vapor 16 vam mo\u017ee pomo\u0107i da maksimalno pove\u0107ate brzinu i postignete pogodak. <\/p>\n<\/p>\n<p> <b> Detalji: <\/b> <\/p>\n<li> Sinteti\u010dka ko\u017ea u gornji\u0161tu ima male teksturisane detalje koji pru\u017eaju prianjanje za bolju kontrolu nad loptom prilikom driblinga pri velikim brzinama <\/li>\n<li> Gumeni spoljni \u0111on pru\u017ea trakciju na ulici, terenu i u zatvorenom prostoru <\/li>\n<li> Udobna postava oko va\u0161eg stopala pru\u017ea prirodan osje\u0107aj i \u010dvrstinu <!--googleon: all--> <\/li>","protected":false},"excerpt":{"rendered":"<p>Bilo da ste po\u010detnik ili samo igrate radi zabave, Nike Vapor 16 Club IC patike vas donose na teren bez kompromisa po pitanju kvaliteta. Model Nike Jr. Vapor 16 vam mo\u017ee pomo\u0107i da maksimalno pove\u0107ate brzinu i postignete pogodak. Detalji: Sinteti\u010dka ko\u017ea u gornji\u0161tu ima male teksturisane detalje koji pru\u017eaju prianjanje za bolju kontrolu nad [&hellip;]<\/p>","protected":false},"featured_media":28881,"template":"","meta":{"jetpack_post_was_ever_published":false},"product_brand":[111],"product_cat":[59],"product_tag":[],"class_list":{"0":"post-28884","1":"product","2":"type-product","3":"status-publish","4":"has-post-thumbnail","6":"product_brand-sport_reality","7":"product_cat-djecije-patike","9":"first","10":"instock","11":"sale","12":"shipping-taxable","13":"product-type-external"},"jetpack-related-posts":[],"jetpack_sharing_enabled":true,"_links":{"self":[{"href":"https:\/\/cipele.ba\/en\/wp-json\/wp\/v2\/product\/28884","targetHints":{"allow":["GET"]}}],"collection":[{"href":"https:\/\/cipele.ba\/en\/wp-json\/wp\/v2\/product"}],"about":[{"href":"https:\/\/cipele.ba\/en\/wp-json\/wp\/v2\/types\/product"}],"wp:featuredmedia":[{"embeddable":true,"href":"https:\/\/cipele.ba\/en\/wp-json\/wp\/v2\/media\/28881"}],"wp:attachment":[{"href":"https:\/\/cipele.ba\/en\/wp-json\/wp\/v2\/media?parent=28884"}],"wp:term":[{"taxonomy":"product_brand","embeddable":true,"href":"https:\/\/cipele.ba\/en\/wp-json\/wp\/v2\/product_brand?post=28884"},{"taxonomy":"product_cat","embeddable":true,"href":"https:\/\/cipele.ba\/en\/wp-json\/wp\/v2\/product_cat?post=28884"},{"taxonomy":"product_tag","embeddable":true,"href":"https:\/\/cipele.ba\/en\/wp-json\/wp\/v2\/product_tag?post=28884"}],"curies":[{"name":"wp","href":"https:\/\/api.w.org\/{rel}","templated":true}]}}