{"id":29013,"date":"2025-11-05T21:56:24","date_gmt":"2025-11-05T21:56:24","guid":{"rendered":"https:\/\/cipele.ba\/shop\/uncategorized\/nike-giannis-immortality-4-4\/"},"modified":"2026-04-20T04:34:10","modified_gmt":"2026-04-20T04:34:10","slug":"nike-giannis-immortality-4-4","status":"publish","type":"product","link":"https:\/\/cipele.ba\/en\/shop\/djeca\/djecije-patike\/nike-giannis-immortality-4-4\/","title":{"rendered":"Nike Giannis Immortality 4"},"content":{"rendered":"<p><!--googleoff: all--> <\/p>\n<p> Giannis mijenja igru sa svake pozicije. Sa \u0111onom koji obezbje\u0111uje prianjanje i dvostrukim slojem elasti\u010dne pjene, Nike Giannis Immortality 4 lifestyle patike za dje\u010dake poma\u017eu da i vi uradite isto. <\/p>\n<\/p>\n<p> <b> Detalji <\/b> <\/p>\n<li> Trakcija u svakom smjeru vam pru\u017ea \u010dvrsto prianjanje kakvo \u017eelite na parketu, kao i kontrolu i stabilnost potrebne za igru na otvorenom <\/li>\n<li> Skriveni pri\u010dvrsni sistem u kombinaciji s pertlama i vezom na prstima pru\u017ea stabilnost i bezbjedno prianjanje <\/li>\n<li> Lagano, mre\u017easto gornji\u0161te koje di\u0161e \u0161titi va\u0161a stopala od pregrijavanja kada tr\u010dite satima <\/li>\n<li> Dodatna postava u peti pru\u017ea stabilan osje\u0107aj i glatke prelaze s pete na prste <\/li>\n<li> Guma na bokovima za dodatnu izdr\u017eljivost <\/li>\n<li> Oja\u010danje na prstima za svaki va\u0161 ulet ili trenje prstima po podlozi <\/li>\n<li> Od hrapavih do glatkih podloga <\/li>\n<li> Kontroli\u0161ite svoje pokrete <\/li>\n<li> Lagana i prozra\u010dna izrada <\/li>\n<li> Podr\u0161ka od pete do prstiju <\/li>\n<li> Klasi\u010dno pertlanje <\/li>\n<li> Gumeni spoljni \u0111on <!--googleon: all--> <\/li>","protected":false},"excerpt":{"rendered":"<p>Giannis mijenja igru sa svake pozicije. Sa \u0111onom koji obezbje\u0111uje prianjanje i dvostrukim slojem elasti\u010dne pjene, Nike Giannis Immortality 4 lifestyle patike za dje\u010dake poma\u017eu da i vi uradite isto. Detalji Trakcija u svakom smjeru vam pru\u017ea \u010dvrsto prianjanje kakvo \u017eelite na parketu, kao i kontrolu i stabilnost potrebne za igru na otvorenom Skriveni pri\u010dvrsni [&hellip;]<\/p>","protected":false},"featured_media":29010,"template":"","meta":{"jetpack_post_was_ever_published":false},"product_brand":[111],"product_cat":[59],"product_tag":[],"class_list":{"0":"post-29013","1":"product","2":"type-product","3":"status-publish","4":"has-post-thumbnail","6":"product_brand-sport_reality","7":"product_cat-djecije-patike","9":"first","10":"instock","11":"sale","12":"shipping-taxable","13":"product-type-external"},"jetpack-related-posts":[],"jetpack_sharing_enabled":true,"_links":{"self":[{"href":"https:\/\/cipele.ba\/en\/wp-json\/wp\/v2\/product\/29013","targetHints":{"allow":["GET"]}}],"collection":[{"href":"https:\/\/cipele.ba\/en\/wp-json\/wp\/v2\/product"}],"about":[{"href":"https:\/\/cipele.ba\/en\/wp-json\/wp\/v2\/types\/product"}],"wp:featuredmedia":[{"embeddable":true,"href":"https:\/\/cipele.ba\/en\/wp-json\/wp\/v2\/media\/29010"}],"wp:attachment":[{"href":"https:\/\/cipele.ba\/en\/wp-json\/wp\/v2\/media?parent=29013"}],"wp:term":[{"taxonomy":"product_brand","embeddable":true,"href":"https:\/\/cipele.ba\/en\/wp-json\/wp\/v2\/product_brand?post=29013"},{"taxonomy":"product_cat","embeddable":true,"href":"https:\/\/cipele.ba\/en\/wp-json\/wp\/v2\/product_cat?post=29013"},{"taxonomy":"product_tag","embeddable":true,"href":"https:\/\/cipele.ba\/en\/wp-json\/wp\/v2\/product_tag?post=29013"}],"curies":[{"name":"wp","href":"https:\/\/api.w.org\/{rel}","templated":true}]}}