{"id":29019,"date":"2025-11-05T21:56:27","date_gmt":"2025-11-05T21:56:27","guid":{"rendered":"https:\/\/cipele.ba\/shop\/uncategorized\/nike-court-borough-low-recraft-5\/"},"modified":"2026-04-20T04:28:15","modified_gmt":"2026-04-20T04:28:15","slug":"nike-court-borough-low-recraft-5","status":"publish","type":"product","link":"https:\/\/cipele.ba\/en\/shop\/djeca\/djecije-patike\/nike-court-borough-low-recraft-5\/","title":{"rendered":"Nike Court Borough Low Recraft"},"content":{"rendered":"<p><!--googleoff: all--> <\/p>\n<p>Nike Court Borough Low Recraft su uniseks patike za bebe, dobro poznatog izgleda. <\/p>\n<p> Nevjerovatno lagane, ove patike done\u0107e savr\u0161en komfor i sportski stil najmla\u0111im \u010dlanovima Nike ekipe. Pru\u017eaju laganu udobnost koja se lako nosi. Redizajniran dio za prste i srednji dio stopala daje va\u0161im stopalima malo vi\u0161e prostora. Gornji dio od sinteti\u010dke ko\u017ee je napravljen od mje\u0161avine recikliranog materijala i pru\u017ea izdr\u017eljivost i dugotrajnost. Rupi\u010dasta tekstura ovih patika omogu\u0107ava optimalnu cirkulaciju vazduha. Gumeni \u0111on pru\u017ea dobro prianjanje i stabilnost na razli\u010ditim podlogama, \u0161to je posebno va\u017eno za bebe koje u\u010de da hodaju. Ove patike su odli\u010dan izbor za va\u0161u bebu i u njima \u0107e joj biti sigurno udobno tokom cijelog dana. <\/p>\n<p> Specifikacija: <\/p>\n<li> Patike za bebe <\/li>\n<li> Gornji dio od sinteti\u010dke ko\u017ee<\/li>\n<li> Mje\u0161avina recikliranog materijala<\/li>\n<li> Redizajnirana dio za prste i srednji dio stopala<\/li>\n<li>Gumeni \u0111on <!--googleon: all--> <\/li>","protected":false},"excerpt":{"rendered":"<p>Nike Court Borough Low Recraft su uniseks patike za bebe, dobro poznatog izgleda. Nevjerovatno lagane, ove patike done\u0107e savr\u0161en komfor i sportski stil najmla\u0111im \u010dlanovima Nike ekipe. Pru\u017eaju laganu udobnost koja se lako nosi. Redizajniran dio za prste i srednji dio stopala daje va\u0161im stopalima malo vi\u0161e prostora. Gornji dio od sinteti\u010dke ko\u017ee je napravljen [&hellip;]<\/p>","protected":false},"featured_media":29015,"template":"","meta":{"jetpack_post_was_ever_published":false},"product_brand":[111],"product_cat":[59],"product_tag":[],"class_list":{"0":"post-29019","1":"product","2":"type-product","3":"status-publish","4":"has-post-thumbnail","6":"product_brand-sport_reality","7":"product_cat-djecije-patike","9":"first","10":"instock","11":"sale","12":"shipping-taxable","13":"product-type-external"},"jetpack-related-posts":[],"jetpack_sharing_enabled":true,"_links":{"self":[{"href":"https:\/\/cipele.ba\/en\/wp-json\/wp\/v2\/product\/29019","targetHints":{"allow":["GET"]}}],"collection":[{"href":"https:\/\/cipele.ba\/en\/wp-json\/wp\/v2\/product"}],"about":[{"href":"https:\/\/cipele.ba\/en\/wp-json\/wp\/v2\/types\/product"}],"wp:featuredmedia":[{"embeddable":true,"href":"https:\/\/cipele.ba\/en\/wp-json\/wp\/v2\/media\/29015"}],"wp:attachment":[{"href":"https:\/\/cipele.ba\/en\/wp-json\/wp\/v2\/media?parent=29019"}],"wp:term":[{"taxonomy":"product_brand","embeddable":true,"href":"https:\/\/cipele.ba\/en\/wp-json\/wp\/v2\/product_brand?post=29019"},{"taxonomy":"product_cat","embeddable":true,"href":"https:\/\/cipele.ba\/en\/wp-json\/wp\/v2\/product_cat?post=29019"},{"taxonomy":"product_tag","embeddable":true,"href":"https:\/\/cipele.ba\/en\/wp-json\/wp\/v2\/product_tag?post=29019"}],"curies":[{"name":"wp","href":"https:\/\/api.w.org\/{rel}","templated":true}]}}