{"id":29028,"date":"2025-11-05T21:56:32","date_gmt":"2025-11-05T21:56:32","guid":{"rendered":"https:\/\/cipele.ba\/shop\/uncategorized\/skechers-s-lights-vortex-2-0-veltrox\/"},"modified":"2026-04-19T05:24:49","modified_gmt":"2026-04-19T05:24:49","slug":"skechers-s-lights-vortex-2-0-veltrox","status":"publish","type":"product","link":"https:\/\/cipele.ba\/en\/shop\/djeca\/djecije-patike\/skechers-s-lights-vortex-2-0-veltrox\/","title":{"rendered":"Skechers S LIGHTS-VORTEX 2.0-VELTROX"},"content":{"rendered":"<p><!--googleoff: all--> <\/p>\n<p>Skechers S Lights \u2013 Vortex 2.0 \u2013 Veltrox patike donose zabavu u svaki korak! Ovaj model je dizajniran za djecu koja vole pokret, boje i svjetla \u2013 jer svijetli pri hodu, pru\u017eaju\u0107i dinami\u010dan i razigran izgled koji privla\u010di pa\u017enju.<br \/>Detalji:<\/p>\n<li> Svjetlosni efekti \u2013 ugra\u0111ena LED svjetla aktiviraju se pri svakom koraku, dodaju\u0107i zabavu i vidljivost.<\/li>\n<li> Udobnost i podr\u0161ka \u2013 lagana konstrukcija i mekani ulo\u0161ci pru\u017eaju cjelodnevnu udobnost.<\/li>\n<li> Zabavan dizajn \u2013 \u0161arene boje i futuristi\u010dki izgled \u010dine ih omiljenim izborom za igru i \u0161kolu. <!--googleon: all--> <\/li>","protected":false},"excerpt":{"rendered":"<p>Skechers S Lights \u2013 Vortex 2.0 \u2013 Veltrox patike donose zabavu u svaki korak! Ovaj model je dizajniran za djecu koja vole pokret, boje i svjetla \u2013 jer svijetli pri hodu, pru\u017eaju\u0107i dinami\u010dan i razigran izgled koji privla\u010di pa\u017enju.Detalji: Svjetlosni efekti \u2013 ugra\u0111ena LED svjetla aktiviraju se pri svakom koraku, dodaju\u0107i zabavu i vidljivost. Udobnost [&hellip;]<\/p>","protected":false},"featured_media":29024,"template":"","meta":{"jetpack_post_was_ever_published":false},"product_brand":[111],"product_cat":[59],"product_tag":[],"class_list":{"0":"post-29028","1":"product","2":"type-product","3":"status-publish","4":"has-post-thumbnail","6":"product_brand-sport_reality","7":"product_cat-djecije-patike","9":"first","10":"instock","11":"shipping-taxable","12":"product-type-external"},"jetpack-related-posts":[],"jetpack_sharing_enabled":true,"_links":{"self":[{"href":"https:\/\/cipele.ba\/en\/wp-json\/wp\/v2\/product\/29028","targetHints":{"allow":["GET"]}}],"collection":[{"href":"https:\/\/cipele.ba\/en\/wp-json\/wp\/v2\/product"}],"about":[{"href":"https:\/\/cipele.ba\/en\/wp-json\/wp\/v2\/types\/product"}],"wp:featuredmedia":[{"embeddable":true,"href":"https:\/\/cipele.ba\/en\/wp-json\/wp\/v2\/media\/29024"}],"wp:attachment":[{"href":"https:\/\/cipele.ba\/en\/wp-json\/wp\/v2\/media?parent=29028"}],"wp:term":[{"taxonomy":"product_brand","embeddable":true,"href":"https:\/\/cipele.ba\/en\/wp-json\/wp\/v2\/product_brand?post=29028"},{"taxonomy":"product_cat","embeddable":true,"href":"https:\/\/cipele.ba\/en\/wp-json\/wp\/v2\/product_cat?post=29028"},{"taxonomy":"product_tag","embeddable":true,"href":"https:\/\/cipele.ba\/en\/wp-json\/wp\/v2\/product_tag?post=29028"}],"curies":[{"name":"wp","href":"https:\/\/api.w.org\/{rel}","templated":true}]}}