{"id":29043,"date":"2025-11-05T21:56:40","date_gmt":"2025-11-05T21:56:40","guid":{"rendered":"https:\/\/cipele.ba\/shop\/uncategorized\/adidas-grand-court-2-0\/"},"modified":"2026-04-18T09:23:10","modified_gmt":"2026-04-18T09:23:10","slug":"adidas-grand-court-2-0","status":"publish","type":"product","link":"https:\/\/cipele.ba\/en\/shop\/djeca\/djecije-patike\/adidas-grand-court-2-0\/","title":{"rendered":"adidas Grand Court 2.0"},"content":{"rendered":"<p><!--googleoff: all--> <\/p>\n<p>adidas Grand Court 2.0 patike za bebe i malu djecu donose klasi\u010dan adidas stil u verziji prilago\u0111enoj najmla\u0111ima. Lagane su, udobne i dizajnirane za svakodnevno no\u0161enje, uz prakti\u010dno zatvaranje na \u010di\u010dak koje olak\u0161ava obuvanje. Idealne su za prve korake i igru.<br \/>Detalji:<\/p>\n<li> Zatvaranje na \u010di\u010dak za brzo i lako obuvanje<\/li>\n<li> Mekana unutra\u0161njost za udobnost osjetljive dje\u010dije ko\u017ee<\/li>\n<li> Gumeni \u0111on za stabilnost i sigurnost pri hodu <!--googleon: all--> <\/li>","protected":false},"excerpt":{"rendered":"<p>adidas Grand Court 2.0 patike za bebe i malu djecu donose klasi\u010dan adidas stil u verziji prilago\u0111enoj najmla\u0111ima. Lagane su, udobne i dizajnirane za svakodnevno no\u0161enje, uz prakti\u010dno zatvaranje na \u010di\u010dak koje olak\u0161ava obuvanje. Idealne su za prve korake i igru.Detalji: Zatvaranje na \u010di\u010dak za brzo i lako obuvanje Mekana unutra\u0161njost za udobnost osjetljive dje\u010dije [&hellip;]<\/p>","protected":false},"featured_media":29041,"template":"","meta":{"jetpack_post_was_ever_published":false},"product_brand":[111],"product_cat":[59],"product_tag":[],"class_list":{"0":"post-29043","1":"product","2":"type-product","3":"status-publish","4":"has-post-thumbnail","6":"product_brand-sport_reality","7":"product_cat-djecije-patike","9":"first","10":"instock","11":"sale","12":"shipping-taxable","13":"product-type-external"},"jetpack-related-posts":[],"jetpack_sharing_enabled":true,"_links":{"self":[{"href":"https:\/\/cipele.ba\/en\/wp-json\/wp\/v2\/product\/29043","targetHints":{"allow":["GET"]}}],"collection":[{"href":"https:\/\/cipele.ba\/en\/wp-json\/wp\/v2\/product"}],"about":[{"href":"https:\/\/cipele.ba\/en\/wp-json\/wp\/v2\/types\/product"}],"wp:featuredmedia":[{"embeddable":true,"href":"https:\/\/cipele.ba\/en\/wp-json\/wp\/v2\/media\/29041"}],"wp:attachment":[{"href":"https:\/\/cipele.ba\/en\/wp-json\/wp\/v2\/media?parent=29043"}],"wp:term":[{"taxonomy":"product_brand","embeddable":true,"href":"https:\/\/cipele.ba\/en\/wp-json\/wp\/v2\/product_brand?post=29043"},{"taxonomy":"product_cat","embeddable":true,"href":"https:\/\/cipele.ba\/en\/wp-json\/wp\/v2\/product_cat?post=29043"},{"taxonomy":"product_tag","embeddable":true,"href":"https:\/\/cipele.ba\/en\/wp-json\/wp\/v2\/product_tag?post=29043"}],"curies":[{"name":"wp","href":"https:\/\/api.w.org\/{rel}","templated":true}]}}