{"id":29049,"date":"2025-11-05T21:56:42","date_gmt":"2025-11-05T21:56:42","guid":{"rendered":"https:\/\/cipele.ba\/shop\/uncategorized\/adidas-grand-court-2-0-2\/"},"modified":"2026-04-19T01:38:17","modified_gmt":"2026-04-19T01:38:17","slug":"adidas-grand-court-2-0-2","status":"publish","type":"product","link":"https:\/\/cipele.ba\/en\/shop\/djeca\/djecije-patike\/adidas-grand-court-2-0-2\/","title":{"rendered":"adidas Grand Court 2.0"},"content":{"rendered":"<p><!--googleoff: all--> <\/p>\n<p>Da va\u0161e dijete mo\u017ee da govori, reklo bi koliko voli ove adidas Grand Court patike! \u010ci\u010dak trake omogu\u0107avaju brzo i lako obuvanje, dok EVA \u0111on sa mehuri\u0107ima pru\u017ea udobnost za mala stopala u razvoju. Bilo da puze, prave prve korake ili istra\u017euju svijet, zabavne boje i klasi\u010dne 3-pruge inspiri\u0161u igru bez kraja.<br \/>Detalji:<\/p>\n<li> Jednostavno obuvanje zahvaljuju\u0107i prakti\u010dnim \u010di\u010dak trakama.<\/li>\n<li> Lagani EVA \u0111on za udobnost i podr\u0161ku malim stopalima.<\/li>\n<li> Zabavne boje i klasi\u010dan adidas stil za veselu igru. <!--googleon: all--> <\/li>","protected":false},"excerpt":{"rendered":"<p>Da va\u0161e dijete mo\u017ee da govori, reklo bi koliko voli ove adidas Grand Court patike! \u010ci\u010dak trake omogu\u0107avaju brzo i lako obuvanje, dok EVA \u0111on sa mehuri\u0107ima pru\u017ea udobnost za mala stopala u razvoju. Bilo da puze, prave prve korake ili istra\u017euju svijet, zabavne boje i klasi\u010dne 3-pruge inspiri\u0161u igru bez kraja.Detalji: Jednostavno obuvanje zahvaljuju\u0107i [&hellip;]<\/p>","protected":false},"featured_media":29046,"template":"","meta":{"jetpack_post_was_ever_published":false},"product_brand":[111],"product_cat":[59],"product_tag":[],"class_list":{"0":"post-29049","1":"product","2":"type-product","3":"status-publish","4":"has-post-thumbnail","6":"product_brand-sport_reality","7":"product_cat-djecije-patike","9":"first","10":"instock","11":"sale","12":"shipping-taxable","13":"product-type-external"},"jetpack-related-posts":[],"jetpack_sharing_enabled":true,"_links":{"self":[{"href":"https:\/\/cipele.ba\/en\/wp-json\/wp\/v2\/product\/29049","targetHints":{"allow":["GET"]}}],"collection":[{"href":"https:\/\/cipele.ba\/en\/wp-json\/wp\/v2\/product"}],"about":[{"href":"https:\/\/cipele.ba\/en\/wp-json\/wp\/v2\/types\/product"}],"wp:featuredmedia":[{"embeddable":true,"href":"https:\/\/cipele.ba\/en\/wp-json\/wp\/v2\/media\/29046"}],"wp:attachment":[{"href":"https:\/\/cipele.ba\/en\/wp-json\/wp\/v2\/media?parent=29049"}],"wp:term":[{"taxonomy":"product_brand","embeddable":true,"href":"https:\/\/cipele.ba\/en\/wp-json\/wp\/v2\/product_brand?post=29049"},{"taxonomy":"product_cat","embeddable":true,"href":"https:\/\/cipele.ba\/en\/wp-json\/wp\/v2\/product_cat?post=29049"},{"taxonomy":"product_tag","embeddable":true,"href":"https:\/\/cipele.ba\/en\/wp-json\/wp\/v2\/product_tag?post=29049"}],"curies":[{"name":"wp","href":"https:\/\/api.w.org\/{rel}","templated":true}]}}