{"id":29056,"date":"2025-11-05T21:56:46","date_gmt":"2025-11-05T21:56:46","guid":{"rendered":"https:\/\/cipele.ba\/shop\/uncategorized\/nike-jr-vapor-16-club-tf\/"},"modified":"2026-04-19T01:39:31","modified_gmt":"2026-04-19T01:39:31","slug":"nike-jr-vapor-16-club-tf","status":"publish","type":"product","link":"https:\/\/cipele.ba\/en\/shop\/djeca\/djecije-patike\/nike-jr-vapor-16-club-tf\/","title":{"rendered":"Nike JR VAPOR 16 CLUB TF"},"content":{"rendered":"<p><!--googleoff: all--> <\/p>\n<p> Bilo da ste po\u010detnik ili samo igrate radi zabave, Nike Jr. Mercurial Vapor 16 Club dje\u010dije TF plitke patike za fudbal vas donose na teren bez kompromisa po pitanju kvaliteta. <\/p>\n<\/p>\n<p> <b> DETALJI <\/b> <\/p>\n<li> Sinteti\u010dka ko\u017ea u gornji\u0161tu pru\u017ea prianjanje za bolju kontrolu nad loptom <\/li>\n<li> Gumeni spoljni \u0111on pru\u017ea trakciju na travi <\/li>\n<li> Udobna postava obavija va\u0161e stopalo pru\u017eaju\u0107i vam prirodan osje\u0107aj <\/li>\n<li> Klasi\u010dne pertle <!--googleon: all--> <\/li>","protected":false},"excerpt":{"rendered":"<p>Bilo da ste po\u010detnik ili samo igrate radi zabave, Nike Jr. Mercurial Vapor 16 Club dje\u010dije TF plitke patike za fudbal vas donose na teren bez kompromisa po pitanju kvaliteta. DETALJI Sinteti\u010dka ko\u017ea u gornji\u0161tu pru\u017ea prianjanje za bolju kontrolu nad loptom Gumeni spoljni \u0111on pru\u017ea trakciju na travi Udobna postava obavija va\u0161e stopalo pru\u017eaju\u0107i [&hellip;]<\/p>","protected":false},"featured_media":29054,"template":"","meta":{"jetpack_post_was_ever_published":false},"product_brand":[111],"product_cat":[59],"product_tag":[],"class_list":{"0":"post-29056","1":"product","2":"type-product","3":"status-publish","4":"has-post-thumbnail","6":"product_brand-sport_reality","7":"product_cat-djecije-patike","9":"first","10":"instock","11":"sale","12":"shipping-taxable","13":"product-type-external"},"jetpack-related-posts":[],"jetpack_sharing_enabled":true,"_links":{"self":[{"href":"https:\/\/cipele.ba\/en\/wp-json\/wp\/v2\/product\/29056","targetHints":{"allow":["GET"]}}],"collection":[{"href":"https:\/\/cipele.ba\/en\/wp-json\/wp\/v2\/product"}],"about":[{"href":"https:\/\/cipele.ba\/en\/wp-json\/wp\/v2\/types\/product"}],"wp:featuredmedia":[{"embeddable":true,"href":"https:\/\/cipele.ba\/en\/wp-json\/wp\/v2\/media\/29054"}],"wp:attachment":[{"href":"https:\/\/cipele.ba\/en\/wp-json\/wp\/v2\/media?parent=29056"}],"wp:term":[{"taxonomy":"product_brand","embeddable":true,"href":"https:\/\/cipele.ba\/en\/wp-json\/wp\/v2\/product_brand?post=29056"},{"taxonomy":"product_cat","embeddable":true,"href":"https:\/\/cipele.ba\/en\/wp-json\/wp\/v2\/product_cat?post=29056"},{"taxonomy":"product_tag","embeddable":true,"href":"https:\/\/cipele.ba\/en\/wp-json\/wp\/v2\/product_tag?post=29056"}],"curies":[{"name":"wp","href":"https:\/\/api.w.org\/{rel}","templated":true}]}}