{"id":29065,"date":"2025-11-05T21:56:51","date_gmt":"2025-11-05T21:56:51","guid":{"rendered":"https:\/\/cipele.ba\/shop\/uncategorized\/adidas-f50-club\/"},"modified":"2026-04-16T02:42:53","modified_gmt":"2026-04-16T02:42:53","slug":"adidas-f50-club","status":"publish","type":"product","link":"https:\/\/cipele.ba\/en\/shop\/djeca\/djecije-patike\/adidas-f50-club\/","title":{"rendered":"adidas F50 Club"},"content":{"rendered":"<p><!--googleoff: all--> <\/p>\n<p> Neka va\u0161a djeca do\u017eive savr\u0161en osje\u0107aj udobnosti uz ove adidas F50 Club udobne fudbalske kopa\u010dke za bebe.<\/p>\n<\/p>\n<p> <b> Detalji <\/b> <\/p>\n<li> Uobi\u010dajeni kroj <\/li>\n<li> Pertlanje <\/li>\n<li> Gumeni spoljni \u0111on koji ne ostavlja tragove za zatvorene terene <\/li>\n<li> Tekstilna postava <\/li>\n<li> Sinteti\u010dko gornji\u0161te <\/li>\n<li> Lagani sinteti\u010dki jezik s rupicama za dodatni protok vazduha <\/li>\n<li> Od\u0161tampane 3 pruge sa strane i na sredini stopala <\/li>\n<li> F50 logotip od\u0161tampan na gornjem dijelu stopala\n<\/p>\n<p> <b> Eco story <\/b> <\/li>\n<li> Ovaj proizvod je proizveden s recikliranim materijalima <!--googleon: all--> <\/li>","protected":false},"excerpt":{"rendered":"<p>Neka va\u0161a djeca do\u017eive savr\u0161en osje\u0107aj udobnosti uz ove adidas F50 Club udobne fudbalske kopa\u010dke za bebe. Detalji Uobi\u010dajeni kroj Pertlanje Gumeni spoljni \u0111on koji ne ostavlja tragove za zatvorene terene Tekstilna postava Sinteti\u010dko gornji\u0161te Lagani sinteti\u010dki jezik s rupicama za dodatni protok vazduha Od\u0161tampane 3 pruge sa strane i na sredini stopala F50 logotip [&hellip;]<\/p>","protected":false},"featured_media":29062,"template":"","meta":{"jetpack_post_was_ever_published":false},"product_brand":[111],"product_cat":[59],"product_tag":[],"class_list":{"0":"post-29065","1":"product","2":"type-product","3":"status-publish","4":"has-post-thumbnail","6":"product_brand-sport_reality","7":"product_cat-djecije-patike","9":"first","10":"instock","11":"sale","12":"shipping-taxable","13":"product-type-external"},"jetpack-related-posts":[],"jetpack_sharing_enabled":true,"_links":{"self":[{"href":"https:\/\/cipele.ba\/en\/wp-json\/wp\/v2\/product\/29065","targetHints":{"allow":["GET"]}}],"collection":[{"href":"https:\/\/cipele.ba\/en\/wp-json\/wp\/v2\/product"}],"about":[{"href":"https:\/\/cipele.ba\/en\/wp-json\/wp\/v2\/types\/product"}],"wp:featuredmedia":[{"embeddable":true,"href":"https:\/\/cipele.ba\/en\/wp-json\/wp\/v2\/media\/29062"}],"wp:attachment":[{"href":"https:\/\/cipele.ba\/en\/wp-json\/wp\/v2\/media?parent=29065"}],"wp:term":[{"taxonomy":"product_brand","embeddable":true,"href":"https:\/\/cipele.ba\/en\/wp-json\/wp\/v2\/product_brand?post=29065"},{"taxonomy":"product_cat","embeddable":true,"href":"https:\/\/cipele.ba\/en\/wp-json\/wp\/v2\/product_cat?post=29065"},{"taxonomy":"product_tag","embeddable":true,"href":"https:\/\/cipele.ba\/en\/wp-json\/wp\/v2\/product_tag?post=29065"}],"curies":[{"name":"wp","href":"https:\/\/api.w.org\/{rel}","templated":true}]}}