{"id":29087,"date":"2025-11-05T21:57:03","date_gmt":"2025-11-05T21:57:03","guid":{"rendered":"https:\/\/cipele.ba\/shop\/uncategorized\/adidas-grand-court-2-0-3\/"},"modified":"2026-04-18T14:37:52","modified_gmt":"2026-04-18T14:37:52","slug":"adidas-grand-court-2-0-3","status":"publish","type":"product","link":"https:\/\/cipele.ba\/en\/shop\/djeca\/djecije-patike\/adidas-grand-court-2-0-3\/","title":{"rendered":"adidas Grand Court 2.0"},"content":{"rendered":"<p><!--googleoff: all--> <\/p>\n<p>Ove adidas patike za djecu donose klasi\u010dan sportski dizajn koji \u0107e im se svidjeti. Gornji dio od sinteti\u010dke ko\u017ee, mekana postava i prepoznatljive 3-pruge sa strane nude udobnost i sportski izgled koji ne prolazi nezapa\u017eeno. Fleksibilni gumirani cup \u0111on pru\u017ea siguran oslonac i odli\u010dan grip za sve njihove dnevne avanture.<br \/>Detalji:<\/p>\n<li> Sinteti\u010dka ko\u017ea i mekana postava za udobnost i dugotrajnost.<\/li>\n<li> Klasi\u010dne 3-pruge za autenti\u010dan adidas stil.<\/li>\n<li> Fleksibilni gumirani \u0111on za stabilnost i sigurnost pri kretanju. <!--googleon: all--> <\/li>","protected":false},"excerpt":{"rendered":"<p>Ove adidas patike za djecu donose klasi\u010dan sportski dizajn koji \u0107e im se svidjeti. Gornji dio od sinteti\u010dke ko\u017ee, mekana postava i prepoznatljive 3-pruge sa strane nude udobnost i sportski izgled koji ne prolazi nezapa\u017eeno. Fleksibilni gumirani cup \u0111on pru\u017ea siguran oslonac i odli\u010dan grip za sve njihove dnevne avanture.Detalji: Sinteti\u010dka ko\u017ea i mekana postava [&hellip;]<\/p>","protected":false},"featured_media":29082,"template":"","meta":{"jetpack_post_was_ever_published":false},"product_brand":[111],"product_cat":[59],"product_tag":[],"class_list":{"0":"post-29087","1":"product","2":"type-product","3":"status-publish","4":"has-post-thumbnail","6":"product_brand-sport_reality","7":"product_cat-djecije-patike","9":"first","10":"instock","11":"sale","12":"shipping-taxable","13":"product-type-external"},"jetpack-related-posts":[],"jetpack_sharing_enabled":true,"_links":{"self":[{"href":"https:\/\/cipele.ba\/en\/wp-json\/wp\/v2\/product\/29087","targetHints":{"allow":["GET"]}}],"collection":[{"href":"https:\/\/cipele.ba\/en\/wp-json\/wp\/v2\/product"}],"about":[{"href":"https:\/\/cipele.ba\/en\/wp-json\/wp\/v2\/types\/product"}],"wp:featuredmedia":[{"embeddable":true,"href":"https:\/\/cipele.ba\/en\/wp-json\/wp\/v2\/media\/29082"}],"wp:attachment":[{"href":"https:\/\/cipele.ba\/en\/wp-json\/wp\/v2\/media?parent=29087"}],"wp:term":[{"taxonomy":"product_brand","embeddable":true,"href":"https:\/\/cipele.ba\/en\/wp-json\/wp\/v2\/product_brand?post=29087"},{"taxonomy":"product_cat","embeddable":true,"href":"https:\/\/cipele.ba\/en\/wp-json\/wp\/v2\/product_cat?post=29087"},{"taxonomy":"product_tag","embeddable":true,"href":"https:\/\/cipele.ba\/en\/wp-json\/wp\/v2\/product_tag?post=29087"}],"curies":[{"name":"wp","href":"https:\/\/api.w.org\/{rel}","templated":true}]}}