{"id":29095,"date":"2025-11-05T21:57:07","date_gmt":"2025-11-05T21:57:07","guid":{"rendered":"https:\/\/cipele.ba\/shop\/uncategorized\/adidas-grand-court-minnie\/"},"modified":"2026-04-18T21:58:38","modified_gmt":"2026-04-18T21:58:38","slug":"adidas-grand-court-minnie","status":"publish","type":"product","link":"https:\/\/cipele.ba\/en\/shop\/djeca\/djecije-patike\/adidas-grand-court-minnie\/","title":{"rendered":"adidas Grand Court Minnie"},"content":{"rendered":"<p><!--googleoff: all--> <\/p>\n<p> Dodajte da\u0161ak Disney magije svakom koraku uz ove adidas patike za bebe, sa 3D ma\u0161nom Minnie Mouse, izdr\u017eljivim dizajnom i udobnim, jednostavnim obuvanjem za male avanturiste. <\/p>\n<\/p>\n<p> <b> Detalji <\/b> <\/p>\n<li> Glatki sinteti\u010dki gornji dio <\/li>\n<li> \u010ci\u010dak traka za lako obuvanje i izuvanje <\/li>\n<li> Mekana postava <!--googleon: all--> <\/li>","protected":false},"excerpt":{"rendered":"<p>Dodajte da\u0161ak Disney magije svakom koraku uz ove adidas patike za bebe, sa 3D ma\u0161nom Minnie Mouse, izdr\u017eljivim dizajnom i udobnim, jednostavnim obuvanjem za male avanturiste. Detalji Glatki sinteti\u010dki gornji dio \u010ci\u010dak traka za lako obuvanje i izuvanje Mekana postava<\/p>","protected":false},"featured_media":29091,"template":"","meta":{"jetpack_post_was_ever_published":false},"product_brand":[111],"product_cat":[59],"product_tag":[],"class_list":{"0":"post-29095","1":"product","2":"type-product","3":"status-publish","4":"has-post-thumbnail","6":"product_brand-sport_reality","7":"product_cat-djecije-patike","9":"first","10":"instock","11":"shipping-taxable","12":"product-type-external"},"jetpack-related-posts":[],"jetpack_sharing_enabled":true,"_links":{"self":[{"href":"https:\/\/cipele.ba\/en\/wp-json\/wp\/v2\/product\/29095","targetHints":{"allow":["GET"]}}],"collection":[{"href":"https:\/\/cipele.ba\/en\/wp-json\/wp\/v2\/product"}],"about":[{"href":"https:\/\/cipele.ba\/en\/wp-json\/wp\/v2\/types\/product"}],"wp:featuredmedia":[{"embeddable":true,"href":"https:\/\/cipele.ba\/en\/wp-json\/wp\/v2\/media\/29091"}],"wp:attachment":[{"href":"https:\/\/cipele.ba\/en\/wp-json\/wp\/v2\/media?parent=29095"}],"wp:term":[{"taxonomy":"product_brand","embeddable":true,"href":"https:\/\/cipele.ba\/en\/wp-json\/wp\/v2\/product_brand?post=29095"},{"taxonomy":"product_cat","embeddable":true,"href":"https:\/\/cipele.ba\/en\/wp-json\/wp\/v2\/product_cat?post=29095"},{"taxonomy":"product_tag","embeddable":true,"href":"https:\/\/cipele.ba\/en\/wp-json\/wp\/v2\/product_tag?post=29095"}],"curies":[{"name":"wp","href":"https:\/\/api.w.org\/{rel}","templated":true}]}}