{"id":29096,"date":"2025-11-05T21:57:07","date_gmt":"2025-11-05T21:57:07","guid":{"rendered":"https:\/\/cipele.ba\/shop\/uncategorized\/nike-court-borough-mid-2-6\/"},"modified":"2026-04-18T21:43:39","modified_gmt":"2026-04-18T21:43:39","slug":"nike-court-borough-mid-2-6","status":"publish","type":"product","link":"https:\/\/cipele.ba\/en\/shop\/djeca\/djecije-patike\/nike-court-borough-mid-2-6\/","title":{"rendered":"Nike COURT BOROUGH MID 2"},"content":{"rendered":"<p><!--googleoff: all--> <\/p>\n<p>Nike COURT BOROUGH MID 2 su dje\u010dije lifestyle patike za bebe.<\/p>\n<p>Odlikuju se mekom i izdr\u017eljivom ko\u017eom, lakom za odr\u017eavanje, koja pru\u017ea vrhunski izgled i savr\u0161eno prianja uz mala stopala. Elasti\u010dno pertlanje u kombinaciji sa \u010di\u010dak trakama pru\u017ea sigurno prianjanje uz stopalo i omogu\u0107ava lako obuvanje i izuvanje. \u010ci\u010dak traka fiksira stopalo i daje dodatnu udobnost i sigurnost. Jastu\u010dasti dijelovi oko jezika i \u010dlanka pru\u017eaju dodatnu udobnost. \u017dljebovi u \u0111onu omogu\u0107avaju fleksibilnost i prirodnost pokreta \u0161to je posebno va\u017eno za bebe koje u\u010de da hodaju. Va\u0161e bebe \u0107e u\u017eivati u cjelodnevnom komforu, a vi u atraktivnom dizajnu ovih Nike patika.<\/p>\n<p> Specifikacija: <\/p>\n<li> Dje\u010dije lifestyle patike za bebe<\/li>\n<li>Konstrukcija \u010da\u0161ice <\/li>\n<li>Elasti\u010dno pertlanja i \u010di\u010dak trake<\/li>\n<li> Fleksibilan gumeni \u0111on <!--googleon: all--> <\/li>","protected":false},"excerpt":{"rendered":"<p>Nike COURT BOROUGH MID 2 su dje\u010dije lifestyle patike za bebe. Odlikuju se mekom i izdr\u017eljivom ko\u017eom, lakom za odr\u017eavanje, koja pru\u017ea vrhunski izgled i savr\u0161eno prianja uz mala stopala. Elasti\u010dno pertlanje u kombinaciji sa \u010di\u010dak trakama pru\u017ea sigurno prianjanje uz stopalo i omogu\u0107ava lako obuvanje i izuvanje. \u010ci\u010dak traka fiksira stopalo i daje dodatnu [&hellip;]<\/p>","protected":false},"featured_media":29092,"template":"","meta":{"jetpack_post_was_ever_published":false},"product_brand":[111],"product_cat":[59],"product_tag":[],"class_list":{"0":"post-29096","1":"product","2":"type-product","3":"status-publish","4":"has-post-thumbnail","6":"product_brand-sport_reality","7":"product_cat-djecije-patike","9":"first","10":"instock","11":"sale","12":"shipping-taxable","13":"product-type-external"},"jetpack-related-posts":[],"jetpack_sharing_enabled":true,"_links":{"self":[{"href":"https:\/\/cipele.ba\/en\/wp-json\/wp\/v2\/product\/29096","targetHints":{"allow":["GET"]}}],"collection":[{"href":"https:\/\/cipele.ba\/en\/wp-json\/wp\/v2\/product"}],"about":[{"href":"https:\/\/cipele.ba\/en\/wp-json\/wp\/v2\/types\/product"}],"wp:featuredmedia":[{"embeddable":true,"href":"https:\/\/cipele.ba\/en\/wp-json\/wp\/v2\/media\/29092"}],"wp:attachment":[{"href":"https:\/\/cipele.ba\/en\/wp-json\/wp\/v2\/media?parent=29096"}],"wp:term":[{"taxonomy":"product_brand","embeddable":true,"href":"https:\/\/cipele.ba\/en\/wp-json\/wp\/v2\/product_brand?post=29096"},{"taxonomy":"product_cat","embeddable":true,"href":"https:\/\/cipele.ba\/en\/wp-json\/wp\/v2\/product_cat?post=29096"},{"taxonomy":"product_tag","embeddable":true,"href":"https:\/\/cipele.ba\/en\/wp-json\/wp\/v2\/product_tag?post=29096"}],"curies":[{"name":"wp","href":"https:\/\/api.w.org\/{rel}","templated":true}]}}