{"id":29102,"date":"2025-11-05T21:57:11","date_gmt":"2025-11-05T21:57:11","guid":{"rendered":"https:\/\/cipele.ba\/shop\/uncategorized\/nike-court-borough-mid-2-7\/"},"modified":"2026-04-18T16:46:24","modified_gmt":"2026-04-18T16:46:24","slug":"nike-court-borough-mid-2-7","status":"publish","type":"product","link":"https:\/\/cipele.ba\/en\/shop\/djeca\/djecije-patike\/nike-court-borough-mid-2-7\/","title":{"rendered":"Nike Court Borough Mid 2"},"content":{"rendered":"<p><!--googleoff: all--> <\/p>\n<p> Va\u0161 mali\u0161an \u0107e se osje\u0107ati kao zvijezda van terena uz Nike Court Borough Mid 2 patike za bebe. <\/p>\n<\/p>\n<p> <b> DETALJI <\/b> <\/p>\n<li> Ko\u017eno gornji\u0161te <\/li>\n<li> Elasti\u010dne pertle sa \u010di\u010dak trakom <\/li>\n<li> Gumeni \u0111on cijelom du\u017einom pru\u017ea izdr\u017eljivu trakciju <\/li>\n<li> \u201eAll-day play\u201d grafika <\/li>\n<li> Napravljene da traju <\/li>\n<li> Lako obuvanje, lako izuvanje <\/li>\n<li> Trakcija tokom cijelog dana <\/li>\n<li> Konstrukcija sa jednodijelnim \u0111onom za klasi\u010dan izgled i osje\u0107aj <\/li>\n<li> Dodatna postava oko jezika i \u010dlanka vam pru\u017ea dodatnu udobnost <!--googleon: all--> <\/li>","protected":false},"excerpt":{"rendered":"<p>Va\u0161 mali\u0161an \u0107e se osje\u0107ati kao zvijezda van terena uz Nike Court Borough Mid 2 patike za bebe. DETALJI Ko\u017eno gornji\u0161te Elasti\u010dne pertle sa \u010di\u010dak trakom Gumeni \u0111on cijelom du\u017einom pru\u017ea izdr\u017eljivu trakciju \u201eAll-day play\u201d grafika Napravljene da traju Lako obuvanje, lako izuvanje Trakcija tokom cijelog dana Konstrukcija sa jednodijelnim \u0111onom za klasi\u010dan izgled i [&hellip;]<\/p>","protected":false},"featured_media":29098,"template":"","meta":{"jetpack_post_was_ever_published":false},"product_brand":[111],"product_cat":[59],"product_tag":[],"class_list":{"0":"post-29102","1":"product","2":"type-product","3":"status-publish","4":"has-post-thumbnail","6":"product_brand-sport_reality","7":"product_cat-djecije-patike","9":"first","10":"instock","11":"sale","12":"shipping-taxable","13":"product-type-external"},"jetpack-related-posts":[],"jetpack_sharing_enabled":true,"_links":{"self":[{"href":"https:\/\/cipele.ba\/en\/wp-json\/wp\/v2\/product\/29102","targetHints":{"allow":["GET"]}}],"collection":[{"href":"https:\/\/cipele.ba\/en\/wp-json\/wp\/v2\/product"}],"about":[{"href":"https:\/\/cipele.ba\/en\/wp-json\/wp\/v2\/types\/product"}],"wp:featuredmedia":[{"embeddable":true,"href":"https:\/\/cipele.ba\/en\/wp-json\/wp\/v2\/media\/29098"}],"wp:attachment":[{"href":"https:\/\/cipele.ba\/en\/wp-json\/wp\/v2\/media?parent=29102"}],"wp:term":[{"taxonomy":"product_brand","embeddable":true,"href":"https:\/\/cipele.ba\/en\/wp-json\/wp\/v2\/product_brand?post=29102"},{"taxonomy":"product_cat","embeddable":true,"href":"https:\/\/cipele.ba\/en\/wp-json\/wp\/v2\/product_cat?post=29102"},{"taxonomy":"product_tag","embeddable":true,"href":"https:\/\/cipele.ba\/en\/wp-json\/wp\/v2\/product_tag?post=29102"}],"curies":[{"name":"wp","href":"https:\/\/api.w.org\/{rel}","templated":true}]}}