{"id":29103,"date":"2025-11-05T21:57:11","date_gmt":"2025-11-05T21:57:11","guid":{"rendered":"https:\/\/cipele.ba\/shop\/uncategorized\/adidas-grand-court-minnie-2\/"},"modified":"2026-04-15T21:55:27","modified_gmt":"2026-04-15T21:55:27","slug":"adidas-grand-court-minnie-2","status":"publish","type":"product","link":"https:\/\/cipele.ba\/en\/shop\/djeca\/djecije-patike\/adidas-grand-court-minnie-2\/","title":{"rendered":"adidas Grand Court Minnie"},"content":{"rendered":"<p><!--googleoff: all--> <\/p>\n<p> Dodajte dodir Diznijeve magije svakom koraku uz ove adidas patike za bebe, sa 3D ma\u0161nom Minnie Mouse, izdr\u017eljivim, udobnim, easy-on dizajnom za male avanturiste. <\/p>\n<\/p>\n<p> <b> Detalji <\/b> <\/p>\n<li> Glatko sinteti\u010dko gornji\u0161te <\/li>\n<li> \u010ci\u010dak-traka za jednostavno obuvanje i izuvanje <\/li>\n<li> Meka postava <!--googleon: all--> <\/li>","protected":false},"excerpt":{"rendered":"<p>Dodajte dodir Diznijeve magije svakom koraku uz ove adidas patike za bebe, sa 3D ma\u0161nom Minnie Mouse, izdr\u017eljivim, udobnim, easy-on dizajnom za male avanturiste. Detalji Glatko sinteti\u010dko gornji\u0161te \u010ci\u010dak-traka za jednostavno obuvanje i izuvanje Meka postava<\/p>","protected":false},"featured_media":29099,"template":"","meta":{"jetpack_post_was_ever_published":false},"product_brand":[111],"product_cat":[59],"product_tag":[],"class_list":{"0":"post-29103","1":"product","2":"type-product","3":"status-publish","4":"has-post-thumbnail","6":"product_brand-sport_reality","7":"product_cat-djecije-patike","9":"first","10":"instock","11":"sale","12":"shipping-taxable","13":"product-type-external"},"jetpack-related-posts":[],"jetpack_sharing_enabled":true,"_links":{"self":[{"href":"https:\/\/cipele.ba\/en\/wp-json\/wp\/v2\/product\/29103","targetHints":{"allow":["GET"]}}],"collection":[{"href":"https:\/\/cipele.ba\/en\/wp-json\/wp\/v2\/product"}],"about":[{"href":"https:\/\/cipele.ba\/en\/wp-json\/wp\/v2\/types\/product"}],"wp:featuredmedia":[{"embeddable":true,"href":"https:\/\/cipele.ba\/en\/wp-json\/wp\/v2\/media\/29099"}],"wp:attachment":[{"href":"https:\/\/cipele.ba\/en\/wp-json\/wp\/v2\/media?parent=29103"}],"wp:term":[{"taxonomy":"product_brand","embeddable":true,"href":"https:\/\/cipele.ba\/en\/wp-json\/wp\/v2\/product_brand?post=29103"},{"taxonomy":"product_cat","embeddable":true,"href":"https:\/\/cipele.ba\/en\/wp-json\/wp\/v2\/product_cat?post=29103"},{"taxonomy":"product_tag","embeddable":true,"href":"https:\/\/cipele.ba\/en\/wp-json\/wp\/v2\/product_tag?post=29103"}],"curies":[{"name":"wp","href":"https:\/\/api.w.org\/{rel}","templated":true}]}}