{"id":29114,"date":"2025-11-05T21:57:19","date_gmt":"2025-11-05T21:57:19","guid":{"rendered":"https:\/\/cipele.ba\/shop\/uncategorized\/skechers-uno-lite-2\/"},"modified":"2026-04-21T17:25:44","modified_gmt":"2026-04-21T17:25:44","slug":"skechers-uno-lite-2","status":"publish","type":"product","link":"https:\/\/cipele.ba\/en\/shop\/djeca\/djecije-patike\/skechers-uno-lite-2\/","title":{"rendered":"Skechers UNO LITE"},"content":{"rendered":"<p><!--googleoff: all--> <\/p>\n<p> Skechers Uno Lite patike za djevoj\u010dice kombinuju lako\u0107u i udobnost sa svedenim dizajnom, uz gornji\u0161te koje di\u0161e, amortizuju\u0107i srednji i fleksibilni spoljni \u0111on za cjelodnevnu potporu. <\/p>\n<\/p>\n<p> <b> Detalji: <\/b> <\/p>\n<li> Gornji\u0161te koje di\u0161e, za bolji protok vazduha i udobnost <\/li>\n<li> Amortizuju\u0107i srednji \u0111on koji reaguje na pokret, za lako\u0107u i potporu <\/li>\n<li> Fleksibilni gumeni spoljni \u0111on za prirodno kretanje i trakciju <\/li>\n<li> Pertle sa petljom s \u010di\u010dak-trakom za \u010dvrsto prianjanje <\/li>\n<li> Elegantan dizajn pogodan kako za opu\u0161teno no\u0161enje tako i za laganu fizi\u010dku aktivnost <!--googleon: all--> <\/li>","protected":false},"excerpt":{"rendered":"<p>Skechers Uno Lite patike za djevoj\u010dice kombinuju lako\u0107u i udobnost sa svedenim dizajnom, uz gornji\u0161te koje di\u0161e, amortizuju\u0107i srednji i fleksibilni spoljni \u0111on za cjelodnevnu potporu. Detalji: Gornji\u0161te koje di\u0161e, za bolji protok vazduha i udobnost Amortizuju\u0107i srednji \u0111on koji reaguje na pokret, za lako\u0107u i potporu Fleksibilni gumeni spoljni \u0111on za prirodno kretanje i [&hellip;]<\/p>","protected":false},"featured_media":29111,"template":"","meta":{"jetpack_post_was_ever_published":false},"product_brand":[111],"product_cat":[59],"product_tag":[],"class_list":{"0":"post-29114","1":"product","2":"type-product","3":"status-publish","4":"has-post-thumbnail","6":"product_brand-sport_reality","7":"product_cat-djecije-patike","9":"first","10":"instock","11":"sale","12":"shipping-taxable","13":"product-type-external"},"jetpack-related-posts":[],"jetpack_sharing_enabled":true,"_links":{"self":[{"href":"https:\/\/cipele.ba\/en\/wp-json\/wp\/v2\/product\/29114","targetHints":{"allow":["GET"]}}],"collection":[{"href":"https:\/\/cipele.ba\/en\/wp-json\/wp\/v2\/product"}],"about":[{"href":"https:\/\/cipele.ba\/en\/wp-json\/wp\/v2\/types\/product"}],"wp:featuredmedia":[{"embeddable":true,"href":"https:\/\/cipele.ba\/en\/wp-json\/wp\/v2\/media\/29111"}],"wp:attachment":[{"href":"https:\/\/cipele.ba\/en\/wp-json\/wp\/v2\/media?parent=29114"}],"wp:term":[{"taxonomy":"product_brand","embeddable":true,"href":"https:\/\/cipele.ba\/en\/wp-json\/wp\/v2\/product_brand?post=29114"},{"taxonomy":"product_cat","embeddable":true,"href":"https:\/\/cipele.ba\/en\/wp-json\/wp\/v2\/product_cat?post=29114"},{"taxonomy":"product_tag","embeddable":true,"href":"https:\/\/cipele.ba\/en\/wp-json\/wp\/v2\/product_tag?post=29114"}],"curies":[{"name":"wp","href":"https:\/\/api.w.org\/{rel}","templated":true}]}}