{"id":29121,"date":"2025-11-05T21:57:23","date_gmt":"2025-11-05T21:57:23","guid":{"rendered":"https:\/\/cipele.ba\/shop\/uncategorized\/adidas-vl-court-bold-2\/"},"modified":"2026-04-18T23:42:45","modified_gmt":"2026-04-18T23:42:45","slug":"adidas-vl-court-bold-2","status":"publish","type":"product","link":"https:\/\/cipele.ba\/en\/shop\/djeca\/djecije-patike\/adidas-vl-court-bold-2\/","title":{"rendered":"adidas VL Court Bold"},"content":{"rendered":"<p><!--googleoff: all--> <\/p>\n<p> Inspirisane klasi\u010dnim dizajnom T-toe patika, ove adidas Court Bold juniorske patike su savr\u0161ene za kombinovanje sportskog stila sa svakodnevnom udobno\u0161\u0107u. <\/p>\n<\/p>\n<p> <b> Detalji <\/b> <\/p>\n<li> Moderne T-toe patike sa trostruko slo\u017eenim \u0111onom za podizanje va\u0161eg profila <\/li>\n<li> Regularan kroj <\/li>\n<li> Vezanje pertlama <\/li>\n<li> Tekstilna postava <\/li>\n<li> Gumeni \u0111on <\/li>\n<li> Visoko slo\u017eeni gumeni \u0111on pru\u017ea izdr\u017eljivu trakciju <\/li>\n<li> ikoni\u010dne 3-pruge i sportski logo na jeziku <\/li>\n<li> Gornji\u0161te od sintetike i ko\u017ee <!--googleon: all--> <\/li>","protected":false},"excerpt":{"rendered":"<p>Inspirisane klasi\u010dnim dizajnom T-toe patika, ove adidas Court Bold juniorske patike su savr\u0161ene za kombinovanje sportskog stila sa svakodnevnom udobno\u0161\u0107u. Detalji Moderne T-toe patike sa trostruko slo\u017eenim \u0111onom za podizanje va\u0161eg profila Regularan kroj Vezanje pertlama Tekstilna postava Gumeni \u0111on Visoko slo\u017eeni gumeni \u0111on pru\u017ea izdr\u017eljivu trakciju ikoni\u010dne 3-pruge i sportski logo na jeziku Gornji\u0161te [&hellip;]<\/p>","protected":false},"featured_media":29118,"template":"","meta":{"jetpack_post_was_ever_published":false},"product_brand":[111],"product_cat":[59],"product_tag":[],"class_list":{"0":"post-29121","1":"product","2":"type-product","3":"status-publish","4":"has-post-thumbnail","6":"product_brand-sport_reality","7":"product_cat-djecije-patike","9":"first","10":"instock","11":"shipping-taxable","12":"product-type-external"},"jetpack-related-posts":[],"jetpack_sharing_enabled":true,"_links":{"self":[{"href":"https:\/\/cipele.ba\/en\/wp-json\/wp\/v2\/product\/29121","targetHints":{"allow":["GET"]}}],"collection":[{"href":"https:\/\/cipele.ba\/en\/wp-json\/wp\/v2\/product"}],"about":[{"href":"https:\/\/cipele.ba\/en\/wp-json\/wp\/v2\/types\/product"}],"wp:featuredmedia":[{"embeddable":true,"href":"https:\/\/cipele.ba\/en\/wp-json\/wp\/v2\/media\/29118"}],"wp:attachment":[{"href":"https:\/\/cipele.ba\/en\/wp-json\/wp\/v2\/media?parent=29121"}],"wp:term":[{"taxonomy":"product_brand","embeddable":true,"href":"https:\/\/cipele.ba\/en\/wp-json\/wp\/v2\/product_brand?post=29121"},{"taxonomy":"product_cat","embeddable":true,"href":"https:\/\/cipele.ba\/en\/wp-json\/wp\/v2\/product_cat?post=29121"},{"taxonomy":"product_tag","embeddable":true,"href":"https:\/\/cipele.ba\/en\/wp-json\/wp\/v2\/product_tag?post=29121"}],"curies":[{"name":"wp","href":"https:\/\/api.w.org\/{rel}","templated":true}]}}