{"id":29133,"date":"2025-11-05T21:57:32","date_gmt":"2025-11-05T21:57:32","guid":{"rendered":"https:\/\/cipele.ba\/shop\/uncategorized\/skechers-uno-lite-5\/"},"modified":"2026-04-19T08:44:54","modified_gmt":"2026-04-19T08:44:54","slug":"skechers-uno-lite-5","status":"publish","type":"product","link":"https:\/\/cipele.ba\/en\/shop\/djeca\/djecije-patike\/skechers-uno-lite-5\/","title":{"rendered":"Skechers Uno Lite"},"content":{"rendered":"<p><!--googleoff: all--> <\/p>\n<p> Podignite svoje patike u udobnosti i stilu sa Skechers Street\u2122 Uno Lite dje\u010dijim cipelama. <\/p>\n<\/p>\n<p> <b> Detalji <\/b> <\/p>\n<li> Skechers lako otvaranje i zatvaranje za prilago\u0111eno pristajanje <\/li>\n<li> \u0110on koji apsorbuje udarce <\/li>\n<li> Fleksibilni \u0111on sa trakcijom <\/li>\n<li> Visina pete 4 cm <\/li>\n<li> Skechers\u00ae logo detalj <\/li>\n<li> Durabuck gornji\u0161te sa metalik ukrasom <\/li>\n<li> Elasti\u010dne pertle za lako obuvanje <\/li>\n<li> Skechers Air-Cooled Memory Foam\u00ae pru\u017ea trenutnu udobnost i prozra\u010dnost <!--googleon: all--> <\/li>","protected":false},"excerpt":{"rendered":"<p>Podignite svoje patike u udobnosti i stilu sa Skechers Street\u2122 Uno Lite dje\u010dijim cipelama. Detalji Skechers lako otvaranje i zatvaranje za prilago\u0111eno pristajanje \u0110on koji apsorbuje udarce Fleksibilni \u0111on sa trakcijom Visina pete 4 cm Skechers\u00ae logo detalj Durabuck gornji\u0161te sa metalik ukrasom Elasti\u010dne pertle za lako obuvanje Skechers Air-Cooled Memory Foam\u00ae pru\u017ea trenutnu udobnost [&hellip;]<\/p>","protected":false},"featured_media":29130,"template":"","meta":{"jetpack_post_was_ever_published":false},"product_brand":[111],"product_cat":[59],"product_tag":[],"class_list":{"0":"post-29133","1":"product","2":"type-product","3":"status-publish","4":"has-post-thumbnail","6":"product_brand-sport_reality","7":"product_cat-djecije-patike","9":"first","10":"instock","11":"sale","12":"shipping-taxable","13":"product-type-external"},"jetpack-related-posts":[],"jetpack_sharing_enabled":true,"_links":{"self":[{"href":"https:\/\/cipele.ba\/en\/wp-json\/wp\/v2\/product\/29133","targetHints":{"allow":["GET"]}}],"collection":[{"href":"https:\/\/cipele.ba\/en\/wp-json\/wp\/v2\/product"}],"about":[{"href":"https:\/\/cipele.ba\/en\/wp-json\/wp\/v2\/types\/product"}],"wp:featuredmedia":[{"embeddable":true,"href":"https:\/\/cipele.ba\/en\/wp-json\/wp\/v2\/media\/29130"}],"wp:attachment":[{"href":"https:\/\/cipele.ba\/en\/wp-json\/wp\/v2\/media?parent=29133"}],"wp:term":[{"taxonomy":"product_brand","embeddable":true,"href":"https:\/\/cipele.ba\/en\/wp-json\/wp\/v2\/product_brand?post=29133"},{"taxonomy":"product_cat","embeddable":true,"href":"https:\/\/cipele.ba\/en\/wp-json\/wp\/v2\/product_cat?post=29133"},{"taxonomy":"product_tag","embeddable":true,"href":"https:\/\/cipele.ba\/en\/wp-json\/wp\/v2\/product_tag?post=29133"}],"curies":[{"name":"wp","href":"https:\/\/api.w.org\/{rel}","templated":true}]}}