{"id":29134,"date":"2025-11-05T21:57:32","date_gmt":"2025-11-05T21:57:32","guid":{"rendered":"https:\/\/cipele.ba\/shop\/uncategorized\/skechers-uno-lite-6\/"},"modified":"2026-04-19T01:26:48","modified_gmt":"2026-04-19T01:26:48","slug":"skechers-uno-lite-6","status":"publish","type":"product","link":"https:\/\/cipele.ba\/en\/shop\/djeca\/djecije-patike\/skechers-uno-lite-6\/","title":{"rendered":"Skechers Uno Lite"},"content":{"rendered":"<p><!--googleoff: all--> <\/p>\n<p> Neka va\u0161a djevoj\u010dica zablista u Skechers Uno Lite, laganim i modernim patikama sa Air-Cooled Memory Foam\u00ae unutra\u0161njim \u0111onom i vidljivim Skech-Air\u00ae srednjim \u0111onom za udobnost tokom cijelog dana. <\/p>\n<\/p>\n<p> <b> Detalji: <\/b> <\/p>\n<li> Lagani dizajn za lako kretanje <\/li>\n<li> Sinteti\u010dko gornji\u0161te svedenog, modernog izgleda <\/li>\n<li> Unutra\u0161nji Skechers Air-Cooled Memory Foam\u00ae \u0111on za amortizovanu udobnost <\/li>\n<li> Vidljivi Skech-Air\u00ae srednji \u0111on za apsorpciju udara <\/li>\n<li> Pertle sa rajsfer\u0161lusom sa strane za \u010dvrsto prianjanje <\/li>\n<li> Izdr\u017eljiv gumeni \u0111on za bolje prianjanje <!--googleon: all--> <\/li>","protected":false},"excerpt":{"rendered":"<p>Neka va\u0161a djevoj\u010dica zablista u Skechers Uno Lite, laganim i modernim patikama sa Air-Cooled Memory Foam\u00ae unutra\u0161njim \u0111onom i vidljivim Skech-Air\u00ae srednjim \u0111onom za udobnost tokom cijelog dana. Detalji: Lagani dizajn za lako kretanje Sinteti\u010dko gornji\u0161te svedenog, modernog izgleda Unutra\u0161nji Skechers Air-Cooled Memory Foam\u00ae \u0111on za amortizovanu udobnost Vidljivi Skech-Air\u00ae srednji \u0111on za apsorpciju udara [&hellip;]<\/p>","protected":false},"featured_media":29131,"template":"","meta":{"jetpack_post_was_ever_published":false},"product_brand":[111],"product_cat":[59],"product_tag":[],"class_list":{"0":"post-29134","1":"product","2":"type-product","3":"status-publish","4":"has-post-thumbnail","6":"product_brand-sport_reality","7":"product_cat-djecije-patike","9":"first","10":"instock","11":"sale","12":"shipping-taxable","13":"product-type-external"},"jetpack-related-posts":[],"jetpack_sharing_enabled":true,"_links":{"self":[{"href":"https:\/\/cipele.ba\/en\/wp-json\/wp\/v2\/product\/29134","targetHints":{"allow":["GET"]}}],"collection":[{"href":"https:\/\/cipele.ba\/en\/wp-json\/wp\/v2\/product"}],"about":[{"href":"https:\/\/cipele.ba\/en\/wp-json\/wp\/v2\/types\/product"}],"wp:featuredmedia":[{"embeddable":true,"href":"https:\/\/cipele.ba\/en\/wp-json\/wp\/v2\/media\/29131"}],"wp:attachment":[{"href":"https:\/\/cipele.ba\/en\/wp-json\/wp\/v2\/media?parent=29134"}],"wp:term":[{"taxonomy":"product_brand","embeddable":true,"href":"https:\/\/cipele.ba\/en\/wp-json\/wp\/v2\/product_brand?post=29134"},{"taxonomy":"product_cat","embeddable":true,"href":"https:\/\/cipele.ba\/en\/wp-json\/wp\/v2\/product_cat?post=29134"},{"taxonomy":"product_tag","embeddable":true,"href":"https:\/\/cipele.ba\/en\/wp-json\/wp\/v2\/product_tag?post=29134"}],"curies":[{"name":"wp","href":"https:\/\/api.w.org\/{rel}","templated":true}]}}