{"id":29138,"date":"2025-11-05T21:57:35","date_gmt":"2025-11-05T21:57:35","guid":{"rendered":"https:\/\/cipele.ba\/shop\/uncategorized\/asics-gel-dedicate-8\/"},"modified":"2026-04-18T11:09:25","modified_gmt":"2026-04-18T11:09:25","slug":"asics-gel-dedicate-8","status":"publish","type":"product","link":"https:\/\/cipele.ba\/en\/shop\/djeca\/djecije-patike\/asics-gel-dedicate-8\/","title":{"rendered":"Asics Gel-Dedicate 8"},"content":{"rendered":"<p><!--googleoff: all--> <\/p>\n<p> Asics Gel-Dedicate 8 teniske patike za djecu pru\u017eaju dobru stabilnost i fleksibilan osje\u0107aj kako biste ostali fokusirani tokom me\u010da.<\/p>\n<\/p>\n<p> <b> Detalji: <\/b> <\/p>\n<li> Gornji\u0161te je konstruisano kori\u0161\u0107enjem materijala od sinteti\u010dke ko\u017ee, za bolju potporu <\/li>\n<li> TRUSSTIC potporna jedinica i spoljni \u0111on s dodatnim slojem pobolj\u0161avaju stabilnost, istovremeno omogu\u0107avaju\u0107i va\u0161im stopalima da se slobodno kre\u0107u <!--googleon: all--> <\/li>","protected":false},"excerpt":{"rendered":"<p>Asics Gel-Dedicate 8 teniske patike za djecu pru\u017eaju dobru stabilnost i fleksibilan osje\u0107aj kako biste ostali fokusirani tokom me\u010da. Detalji: Gornji\u0161te je konstruisano kori\u0161\u0107enjem materijala od sinteti\u010dke ko\u017ee, za bolju potporu TRUSSTIC potporna jedinica i spoljni \u0111on s dodatnim slojem pobolj\u0161avaju stabilnost, istovremeno omogu\u0107avaju\u0107i va\u0161im stopalima da se slobodno kre\u0107u<\/p>","protected":false},"featured_media":29135,"template":"","meta":{"jetpack_post_was_ever_published":false},"product_brand":[111],"product_cat":[59],"product_tag":[],"class_list":{"0":"post-29138","1":"product","2":"type-product","3":"status-publish","4":"has-post-thumbnail","6":"product_brand-sport_reality","7":"product_cat-djecije-patike","9":"first","10":"instock","11":"sale","12":"shipping-taxable","13":"product-type-external"},"jetpack-related-posts":[],"jetpack_sharing_enabled":true,"_links":{"self":[{"href":"https:\/\/cipele.ba\/en\/wp-json\/wp\/v2\/product\/29138","targetHints":{"allow":["GET"]}}],"collection":[{"href":"https:\/\/cipele.ba\/en\/wp-json\/wp\/v2\/product"}],"about":[{"href":"https:\/\/cipele.ba\/en\/wp-json\/wp\/v2\/types\/product"}],"wp:featuredmedia":[{"embeddable":true,"href":"https:\/\/cipele.ba\/en\/wp-json\/wp\/v2\/media\/29135"}],"wp:attachment":[{"href":"https:\/\/cipele.ba\/en\/wp-json\/wp\/v2\/media?parent=29138"}],"wp:term":[{"taxonomy":"product_brand","embeddable":true,"href":"https:\/\/cipele.ba\/en\/wp-json\/wp\/v2\/product_brand?post=29138"},{"taxonomy":"product_cat","embeddable":true,"href":"https:\/\/cipele.ba\/en\/wp-json\/wp\/v2\/product_cat?post=29138"},{"taxonomy":"product_tag","embeddable":true,"href":"https:\/\/cipele.ba\/en\/wp-json\/wp\/v2\/product_tag?post=29138"}],"curies":[{"name":"wp","href":"https:\/\/api.w.org\/{rel}","templated":true}]}}