{"id":29139,"date":"2025-11-05T21:57:36","date_gmt":"2025-11-05T21:57:36","guid":{"rendered":"https:\/\/cipele.ba\/shop\/uncategorized\/asics-upcourt-6\/"},"modified":"2026-04-15T23:14:42","modified_gmt":"2026-04-15T23:14:42","slug":"asics-upcourt-6","status":"publish","type":"product","link":"https:\/\/cipele.ba\/en\/shop\/djeca\/djecije-patike\/asics-upcourt-6\/","title":{"rendered":"Asics Upcourt 6"},"content":{"rendered":"<p><!--googleoff: all--> <\/p>\n<p> Asics Upcourt 6 GS dje\u010dije patike su dizajnirane da pru\u017ee izuzetnu potporu i fleksibilnost, \u0161to ih \u010dini savr\u0161enim za razne sportove na pokrivenim terenima. <\/p>\n<\/p>\n<p> <b> Detalji <\/b> <\/p>\n<li> Mre\u017easto gornji\u0161te koje di\u0161e pobolj\u0161ava ventilaciju, pa hladi va\u0161a stopala tokom intenzivnih utakmica <\/li>\n<li> Amortizuju\u0107i srednji \u0111on za vrhunsku apsorpciju udara <\/li>\n<li> Izdr\u017eljivi gumeni spoljni \u0111on pru\u017ea vrhunsko prianjanje i trakciju, \u0161to omogu\u0107ava brze okrete i agilno kretanje na terenu <\/li>\n<li> Idealne za ko\u0161arku, odbojku i svaku aktivnost na zatvorenim terenima <!--googleon: all--> <\/li>","protected":false},"excerpt":{"rendered":"<p>Asics Upcourt 6 GS dje\u010dije patike su dizajnirane da pru\u017ee izuzetnu potporu i fleksibilnost, \u0161to ih \u010dini savr\u0161enim za razne sportove na pokrivenim terenima. Detalji Mre\u017easto gornji\u0161te koje di\u0161e pobolj\u0161ava ventilaciju, pa hladi va\u0161a stopala tokom intenzivnih utakmica Amortizuju\u0107i srednji \u0111on za vrhunsku apsorpciju udara Izdr\u017eljivi gumeni spoljni \u0111on pru\u017ea vrhunsko prianjanje i trakciju, \u0161to [&hellip;]<\/p>","protected":false},"featured_media":29137,"template":"","meta":{"jetpack_post_was_ever_published":false},"product_brand":[111],"product_cat":[59],"product_tag":[],"class_list":{"0":"post-29139","1":"product","2":"type-product","3":"status-publish","4":"has-post-thumbnail","6":"product_brand-sport_reality","7":"product_cat-djecije-patike","9":"first","10":"instock","11":"sale","12":"shipping-taxable","13":"product-type-external"},"jetpack-related-posts":[],"jetpack_sharing_enabled":true,"_links":{"self":[{"href":"https:\/\/cipele.ba\/en\/wp-json\/wp\/v2\/product\/29139","targetHints":{"allow":["GET"]}}],"collection":[{"href":"https:\/\/cipele.ba\/en\/wp-json\/wp\/v2\/product"}],"about":[{"href":"https:\/\/cipele.ba\/en\/wp-json\/wp\/v2\/types\/product"}],"wp:featuredmedia":[{"embeddable":true,"href":"https:\/\/cipele.ba\/en\/wp-json\/wp\/v2\/media\/29137"}],"wp:attachment":[{"href":"https:\/\/cipele.ba\/en\/wp-json\/wp\/v2\/media?parent=29139"}],"wp:term":[{"taxonomy":"product_brand","embeddable":true,"href":"https:\/\/cipele.ba\/en\/wp-json\/wp\/v2\/product_brand?post=29139"},{"taxonomy":"product_cat","embeddable":true,"href":"https:\/\/cipele.ba\/en\/wp-json\/wp\/v2\/product_cat?post=29139"},{"taxonomy":"product_tag","embeddable":true,"href":"https:\/\/cipele.ba\/en\/wp-json\/wp\/v2\/product_tag?post=29139"}],"curies":[{"name":"wp","href":"https:\/\/api.w.org\/{rel}","templated":true}]}}